{"id":939,"date":"2015-04-01T12:33:49","date_gmt":"2015-04-01T10:33:49","guid":{"rendered":"http:\/\/vormsi.ee\/?page_id=939"},"modified":"2025-08-07T10:17:07","modified_gmt":"2025-08-07T08:17:07","slug":"utbilding","status":"publish","type":"page","link":"https:\/\/vormsi.ee\/sv\/livet_ormso\/utbilding\/","title":{"rendered":"Utbilding"},"content":{"rendered":"<div class=\"wpb-content-wrapper\"><p>[vc_row][vc_column][vc_column_text css=&#8221;&#8221;]<\/p>\n<div class=\"content user-select-text\" tabindex=\"0\" aria-description=\"\" aria-label=\"Sent by Copilot: Historien om utbildning p\u00e5 Vormsi g\u00e5r tillbaka till 1873 n\u00e4r de f\u00f6rsta skolorna \u00f6ppnades. Den befintliga skolbyggnaden f\u00e4rdigst\u00e4lldes 1937 n\u00e4r eleverna studerade p\u00e5 svenska och estniska. \u00c5r 2005 fick skolan och f\u00f6rskolan namnet Vormsi Kindergarten \u2013 Basic School. F\u00f6rskolan p\u00e5 Vormsi erbjuder en gynnsam milj\u00f6 f\u00f6r utveckling och tillv\u00e4xt f\u00f6r Vormsis sm\u00e5 barn. Dagens barn k\u00e4nnetecknas av aktivitet, klurighet och kreativitet. F\u00f6rskolan \u00e4r en mysig plats d\u00e4r \u00f6ppenhet och samarbete anses vara viktigt. Undervisningen i skolan sker i sammansatta klasser, vilket g\u00f6r att varje elev kan l\u00e4ra sig individuellt enligt sina f\u00f6rm\u00e5gor och f\u00e4rdigheter. Det finns ett metall- och tr\u00e4sl\u00f6jdshus bredvid skolan och en fotbollsplan bakom skolhuset. Skolans kontaktinformation E-post: kool@vormsi.ee Telefonnummer: (+372) 53 025 275 Adress: Hullo by, Vormsi kommun, 91301 L\u00e4\u00e4ne l\u00e4n Webbplats: [Vormsi skola](https:\/\/www.vormsi.edu.ee\/) Rektor: Sabine Burger E-post: sabine@vormsi.ee Utvecklingschef: Day-Lee Holm E-post: daylee@vormsi.ee F\u00f6rskolans kontaktinformation E-post: lasteaed@vormsi.ee Telefonnummer: (+372) 587 079 09 Adress: Hullo by, Vormsi kommun, 91301 L\u00e4\u00e4ne l\u00e4n \u00d6ppettider: M-T 7:45-17:15, F 7:45-16:45\">\n<div class=\"ac-container ac-adaptiveCard has-image\">\n<div class=\"ac-textBlock\">\n<p><strong>Utbildning har bedrivits p\u00e5 Vormsi \u00f6n sedan 1873. Den nuvarande skolbyggnaden stod klar 1937, och sedan 2005 har skolan och f\u00f6rskolan haft namnet Vormsi Lasteaed-P\u00f5hikool (officiell f\u00f6rkortning VLP).<\/strong><\/p>\n<p>Vormsi Lasteaed-P\u00f5hikool fungerar som en enhetlig institution som erbjuder b\u00e5de f\u00f6rskoleutbildning och grundl\u00e4ggande utbildning, ledd av rektor <strong>Maret V\u00f5rno<\/strong>, e-post: <a href=\"mailto:sabine@vormsi.ee\">maret.vorno@vormsi.ee<\/a><\/p>\n<h3>Skolans kontaktinformation<\/h3>\n<p><strong>E-post:<\/strong> kool@vormsi.ee<br \/>\n<strong>Telefonnummer:<\/strong> (+372) 5345 3622<br \/>\n<strong>Adress:<\/strong> Hullo by, Vormsi kommun, 91301 L\u00e4\u00e4ne l\u00e4n<br \/>\n<strong>Webbplats<\/strong>: https:\/\/www.vormsi.edu.ee\/<\/p>\n<h3>F\u00f6rskolans kontaktinformation<\/h3>\n<p><strong>E-post:<\/strong> lasteaed@vormsi.ee<br \/>\n<strong>Telefonnummer:<\/strong> (+372) 587 079 09<br \/>\n<strong>Adress:<\/strong> Hullo by, Vormsi kommun, 91301 L\u00e4\u00e4ne l\u00e4n<\/p>\n<p>\u00d6ppettider: M-T 7:45-17:15, F 7:45-16:45<\/p>\n<p>F\u00f6rskolan tar emot barn i \u00e5ldern ett och ett halvt till sju \u00e5r fr\u00e5n Vormsi kommun. Vid lediga platser kan \u00e4ven barn fr\u00e5n andra kommuner tas emot. Sommardagv\u00e5rd \u00e4r \u00f6ppen i juli, m\u00e5ndag till onsdag, kl. 09.00\u201316.30.<\/p>\n<\/div>\n<\/div>\n<\/div>\n<p>[\/vc_column_text][\/vc_column][\/vc_row]<\/p>\n<\/div>","protected":false},"excerpt":{"rendered":"<p>[vc_row][vc_column][vc_column_text css=&#8221;&#8221;] Utbildning har bedrivits p\u00e5 Vormsi \u00f6n sedan 1873. Den nuvarande&#8230;<\/p>\n","protected":false},"author":2,"featured_media":0,"parent":915,"menu_order":0,"comment_status":"closed","ping_status":"closed","template":"","meta":{"_acf_changed":false,"footnotes":""},"class_list":["post-939","page","type-page","status-publish","hentry"],"acf":[],"_links":{"self":[{"href":"https:\/\/vormsi.ee\/sv\/wp-json\/wp\/v2\/pages\/939","targetHints":{"allow":["GET"]}}],"collection":[{"href":"https:\/\/vormsi.ee\/sv\/wp-json\/wp\/v2\/pages"}],"about":[{"href":"https:\/\/vormsi.ee\/sv\/wp-json\/wp\/v2\/types\/page"}],"author":[{"embeddable":true,"href":"https:\/\/vormsi.ee\/sv\/wp-json\/wp\/v2\/users\/2"}],"replies":[{"embeddable":true,"href":"https:\/\/vormsi.ee\/sv\/wp-json\/wp\/v2\/comments?post=939"}],"version-history":[{"count":0,"href":"https:\/\/vormsi.ee\/sv\/wp-json\/wp\/v2\/pages\/939\/revisions"}],"up":[{"embeddable":true,"href":"https:\/\/vormsi.ee\/sv\/wp-json\/wp\/v2\/pages\/915"}],"wp:attachment":[{"href":"https:\/\/vormsi.ee\/sv\/wp-json\/wp\/v2\/media?parent=939"}],"curies":[{"name":"wp","href":"https:\/\/api.w.org\/{rel}","templated":true}]}}