{"id":937,"date":"2015-04-01T12:30:53","date_gmt":"2015-04-01T10:30:53","guid":{"rendered":"http:\/\/vormsi.ee\/?page_id=937"},"modified":"2024-10-25T09:55:41","modified_gmt":"2024-10-25T07:55:41","slug":"avfallshantering","status":"publish","type":"page","link":"https:\/\/vormsi.ee\/sv\/livet_ormso\/avfallshantering\/","title":{"rendered":"Avfallshantering"},"content":{"rendered":"<h2>Milj\u00f6v\u00e4nlig lilla \u00f6n<\/h2>\n<p><strong>Inneh\u00e5llet p\u00e5 denna sida finns p\u00e5 estniska och engelska.<\/strong><\/p>\n<p>P\u00e5 engelska:\u00a0<a href=\"https:\/\/vormsi.ee\/en\/elu-vormsil\/waste-management\/\">H\u00c4R<\/a><\/p>\n<p>P\u00e5 estniska:\u00a0<a href=\"https:\/\/vormsi.ee\/ettevotlus\/kasulikud-teenused\/jaatmekaitlus\/\">H\u00c4R<\/a><\/p>\n","protected":false},"excerpt":{"rendered":"<p>Milj\u00f6v\u00e4nlig lilla \u00f6n Inneh\u00e5llet p\u00e5 denna sida finns p\u00e5 estniska och engelska&#8230;.<\/p>\n","protected":false},"author":2,"featured_media":0,"parent":915,"menu_order":0,"comment_status":"closed","ping_status":"closed","template":"","meta":{"_acf_changed":false,"footnotes":""},"class_list":["post-937","page","type-page","status-publish","hentry"],"acf":[],"_links":{"self":[{"href":"https:\/\/vormsi.ee\/sv\/wp-json\/wp\/v2\/pages\/937","targetHints":{"allow":["GET"]}}],"collection":[{"href":"https:\/\/vormsi.ee\/sv\/wp-json\/wp\/v2\/pages"}],"about":[{"href":"https:\/\/vormsi.ee\/sv\/wp-json\/wp\/v2\/types\/page"}],"author":[{"embeddable":true,"href":"https:\/\/vormsi.ee\/sv\/wp-json\/wp\/v2\/users\/2"}],"replies":[{"embeddable":true,"href":"https:\/\/vormsi.ee\/sv\/wp-json\/wp\/v2\/comments?post=937"}],"version-history":[{"count":0,"href":"https:\/\/vormsi.ee\/sv\/wp-json\/wp\/v2\/pages\/937\/revisions"}],"up":[{"embeddable":true,"href":"https:\/\/vormsi.ee\/sv\/wp-json\/wp\/v2\/pages\/915"}],"wp:attachment":[{"href":"https:\/\/vormsi.ee\/sv\/wp-json\/wp\/v2\/media?parent=937"}],"curies":[{"name":"wp","href":"https:\/\/api.w.org\/{rel}","templated":true}]}}