{"id":935,"date":"2015-04-01T12:28:00","date_gmt":"2015-04-01T10:28:00","guid":{"rendered":"http:\/\/vormsi.ee\/?page_id=935"},"modified":"2026-04-24T14:14:42","modified_gmt":"2026-04-24T12:14:42","slug":"folketshus","status":"publish","type":"page","link":"https:\/\/vormsi.ee\/sv\/livet_ormso\/folketshus\/","title":{"rendered":"Folketshus"},"content":{"rendered":"<div class=\"wpb-content-wrapper\"><p>[vc_row][vc_column][vc_column_text css=&#8221;&#8221;]Vormsi Bygdeg\u00e5rd, byggd 1938, \u00e4r hj\u00e4rtat i \u00f6ns gemenskap \u2013 en plats d\u00e4r en m\u00e4ngd kulturella evenemang, hobbyverksamhet och workshops \u00e4ger rum. Huset \u00e4r tillg\u00e4ngligt f\u00f6r alla: det finns en ramp f\u00f6r bes\u00f6kare med s\u00e4rskilda behov, och parkeringen \u00e4r bekv\u00e4mt ordnad p\u00e5 g\u00e5rdsplanen vid bygdeg\u00e5rden.<\/p>\n<p>Programmet i bygdeg\u00e5rden \u00e4r varierat och engagerande \u2013 h\u00e4r h\u00e5lls filmkv\u00e4llar, konserter, teaterf\u00f6rest\u00e4llningar, f\u00f6rel\u00e4sningar och olika workshops. P\u00e5 schemat finns solokonserter, traditionella samh\u00e4llsevenemang, ensembleframtr\u00e4danden samt utst\u00e4llningar av m\u00e5lningar, hantverk och fotografier.<\/p>\n<p>Du kan ta del av evenemangsprogrammet p\u00e5 v\u00e5r webbplats under rubriken Evenemang samt p\u00e5 Vormsi kommuns officiella Facebooksida \u2013 h\u00e5ll dig uppdaterad s\u00e5 att du inte missar n\u00e5got!<\/p>\n<p>Vormsi Bygdeg\u00e5rd erbjuder utm\u00e4rkta m\u00f6jligheter att anordna konserter, utbildningar, l\u00e4ger, workshops, evenemang och filmvisningar.<\/p>\n<p>Om du vill arrangera ett minnesv\u00e4rt evenemang p\u00e5 en unik liten \u00f6, skriv till oss med dina \u00f6nskem\u00e5l och id\u00e9er \u2013 tillsammans hittar vi den b\u00e4sta l\u00f6sningen!<\/p>\n<p>&nbsp;<\/p>\n<h3>Kontakt:<\/h3>\n<p>randy.peiker@vormsi.ee eller via telefon: +372 5639 0960<\/p>\n<h3>Dokument:<\/h3>\n<p><a href=\"https:\/\/vormsi.ee\/wp-content\/uploads\/2024\/05\/Lisa_Valla-ruumide-ja-inventari-kasutuse-ning-ruumides-pakutavate-teenuste-hinnakiri-002.pdf\">Prislista f\u00f6r Vormsi Bygdeg\u00e5rd g\u00e4llande fr\u00e5n och med 6 maj 2024<\/a><\/p>\n<p>&nbsp;<\/p>\n\n\t\t<style type=\"text\/css\">\n\t\t\t#gallery-1 {\n\t\t\t\tmargin: auto;\n\t\t\t}\n\t\t\t#gallery-1 .gallery-item {\n\t\t\t\tfloat: left;\n\t\t\t\tmargin-top: 10px;\n\t\t\t\ttext-align: center;\n\t\t\t\twidth: 33%;\n\t\t\t}\n\t\t\t#gallery-1 img {\n\t\t\t\tborder: 2px solid #cfcfcf;\n\t\t\t}\n\t\t\t#gallery-1 .gallery-caption {\n\t\t\t\tmargin-left: 0;\n\t\t\t}\n\t\t\t\/* see gallery_shortcode() in wp-includes\/media.php *\/\n\t\t<\/style>\n\t\t<div id='gallery-1' class='gallery galleryid-935 gallery-columns-3 gallery-size-vormsi-thumb'><dl class='gallery-item'>\n\t\t\t<dt class='gallery-icon landscape'>\n\t\t\t\t<a href='https:\/\/vormsi.ee\/sv\/livet_ormso\/folketshus\/img_0758-2\/'><img loading=\"lazy\" decoding=\"async\" width=\"512\" height=\"512\" src=\"https:\/\/vormsi.ee\/wp-content\/uploads\/2025\/07\/IMG_0758-512x512.jpg\" class=\"attachment-vormsi-thumb size-vormsi-thumb\" alt=\"\" \/><\/a>\n\t\t\t<\/dt><\/dl><dl class='gallery-item'>\n\t\t\t<dt class='gallery-icon portrait'>\n\t\t\t\t<a href='https:\/\/vormsi.ee\/sv\/livet_ormso\/folketshus\/img_0760-2\/'><img loading=\"lazy\" decoding=\"async\" width=\"512\" height=\"512\" src=\"https:\/\/vormsi.ee\/wp-content\/uploads\/2025\/07\/IMG_0760-512x512.jpg\" class=\"attachment-vormsi-thumb size-vormsi-thumb\" alt=\"\" \/><\/a>\n\t\t\t<\/dt><\/dl><dl class='gallery-item'>\n\t\t\t<dt class='gallery-icon landscape'>\n\t\t\t\t<a href='https:\/\/vormsi.ee\/sv\/livet_ormso\/folketshus\/bty-3\/'><img loading=\"lazy\" decoding=\"async\" width=\"512\" height=\"512\" src=\"https:\/\/vormsi.ee\/wp-content\/uploads\/2025\/07\/IMG_20180227_114918-1-512x512.jpg\" class=\"attachment-vormsi-thumb size-vormsi-thumb\" alt=\"\" \/><\/a>\n\t\t\t<\/dt><\/dl><br style=\"clear: both\" \/><dl class='gallery-item'>\n\t\t\t<dt class='gallery-icon portrait'>\n\t\t\t\t<a href='https:\/\/vormsi.ee\/sv\/livet_ormso\/folketshus\/kaminatuli_vormsi-rahvamaja\/'><img loading=\"lazy\" decoding=\"async\" width=\"512\" height=\"512\" src=\"https:\/\/vormsi.ee\/wp-content\/uploads\/2025\/07\/Kaminatuli_Vormsi-Rahvamaja-1-512x512.jpg\" class=\"attachment-vormsi-thumb size-vormsi-thumb\" alt=\"\" \/><\/a>\n\t\t\t<\/dt><\/dl><dl class='gallery-item'>\n\t\t\t<dt class='gallery-icon landscape'>\n\t\t\t\t<a href='https:\/\/vormsi.ee\/sv\/livet_ormso\/folketshus\/bty\/'><img loading=\"lazy\" decoding=\"async\" width=\"512\" height=\"512\" src=\"https:\/\/vormsi.ee\/wp-content\/uploads\/2025\/07\/IMG_20180227_114747-1-512x512.jpg\" class=\"attachment-vormsi-thumb size-vormsi-thumb\" alt=\"\" \/><\/a>\n\t\t\t<\/dt><\/dl>\n\t\t\t<br style='clear: both' \/>\n\t\t<\/div>\n\n<p>[\/vc_column_text][\/vc_column][\/vc_row]<\/p>\n<\/div>","protected":false},"excerpt":{"rendered":"<p>[vc_row][vc_column][vc_column_text css=&#8221;&#8221;]Vormsi Bygdeg\u00e5rd, byggd 1938, \u00e4r hj\u00e4rtat i \u00f6ns gemenskap \u2013 en&#8230;<\/p>\n","protected":false},"author":2,"featured_media":0,"parent":915,"menu_order":0,"comment_status":"closed","ping_status":"closed","template":"","meta":{"_acf_changed":false,"footnotes":""},"class_list":["post-935","page","type-page","status-publish","hentry"],"acf":[],"_links":{"self":[{"href":"https:\/\/vormsi.ee\/sv\/wp-json\/wp\/v2\/pages\/935","targetHints":{"allow":["GET"]}}],"collection":[{"href":"https:\/\/vormsi.ee\/sv\/wp-json\/wp\/v2\/pages"}],"about":[{"href":"https:\/\/vormsi.ee\/sv\/wp-json\/wp\/v2\/types\/page"}],"author":[{"embeddable":true,"href":"https:\/\/vormsi.ee\/sv\/wp-json\/wp\/v2\/users\/2"}],"replies":[{"embeddable":true,"href":"https:\/\/vormsi.ee\/sv\/wp-json\/wp\/v2\/comments?post=935"}],"version-history":[{"count":1,"href":"https:\/\/vormsi.ee\/sv\/wp-json\/wp\/v2\/pages\/935\/revisions"}],"predecessor-version":[{"id":36757,"href":"https:\/\/vormsi.ee\/sv\/wp-json\/wp\/v2\/pages\/935\/revisions\/36757"}],"up":[{"embeddable":true,"href":"https:\/\/vormsi.ee\/sv\/wp-json\/wp\/v2\/pages\/915"}],"wp:attachment":[{"href":"https:\/\/vormsi.ee\/sv\/wp-json\/wp\/v2\/media?parent=935"}],"curies":[{"name":"wp","href":"https:\/\/api.w.org\/{rel}","templated":true}]}}