{"id":933,"date":"2015-04-01T12:26:25","date_gmt":"2015-04-01T10:26:25","guid":{"rendered":"http:\/\/vormsi.ee\/?page_id=933"},"modified":"2025-08-07T10:43:33","modified_gmt":"2025-08-07T08:43:33","slug":"naturvard","status":"publish","type":"page","link":"https:\/\/vormsi.ee\/sv\/livet_ormso\/naturvard\/","title":{"rendered":"Naturv\u00e5rd"},"content":{"rendered":"<div class=\"wpb-content-wrapper\"><p>[vc_row][vc_column][vc_column_text css=&#8221;&#8221;]<\/p>\n<h2 data-start=\"53\" data-end=\"144\"><strong data-start=\"57\" data-end=\"144\">Ett av Vormsi kommuns prioriterade m\u00e5l 2022\u20132030: Bevarande av natur- och kulturarv<\/strong><\/h2>\n<p data-start=\"146\" data-end=\"373\">Ett av Vormsi kommuns viktigaste prioriteringar f\u00f6r perioden 2022\u20132030 \u00e4r att bevara \u00f6ns natur- och kulturarv samt dess unika karakt\u00e4r. Detta bygger p\u00e5 en h\u00f6g milj\u00f6medvetenhet och en h\u00e5llbar utveckling av det kulturella rummet.<\/p>\n<p data-start=\"375\" data-end=\"514\">D\u00e4rf\u00f6r \u00e4r det f\u00f6rsta m\u00e5let i utvecklingsplanen att s\u00e4kerst\u00e4lla att Vormsi \u00f6:s karakteristiska och sammanh\u00e4ngande naturmilj\u00f6 \u00e4r v\u00e4l bevarad.<\/p>\n<p data-start=\"516\" data-end=\"747\">Skyddet av Vormsis naturmilj\u00f6 \u00e4r inte bara ett av m\u00e5nga m\u00e5l \u2013 det \u00e4r ett v\u00e4gledande princip i all utveckling och beslutsfattande. Vid b\u00e5de m\u00e5ls\u00e4ttning och genomf\u00f6rande av planer \u00e4r grundprincipen att minimera negativ milj\u00f6p\u00e5verkan.<\/p>\n<p data-start=\"749\" data-end=\"1180\">F\u00f6r ett litet samh\u00e4lle kan f\u00f6rs\u00e4mringar i milj\u00f6tillst\u00e5ndet f\u00e5 mycket allvarliga konsekvenser, vilket p\u00e5verkar inte bara livskvaliteten utan \u00e4ven bevarandet av kulturarvet och livskraften hos n\u00f6dv\u00e4ndiga lokala n\u00e4ringar. Varje individ, f\u00f6retag och organisation har en roll i att h\u00f6ja milj\u00f6medvetenheten, leva h\u00e5llbart och f\u00f6rvalta naturresurser p\u00e5 ett ansvarsfullt s\u00e4tt. Kommunen kan f\u00f6reg\u00e5 med gott exempel genom sina egna \u00e5tg\u00e4rder.<\/p>\n<h2 data-start=\"1187\" data-end=\"1223\"><strong data-start=\"1191\" data-end=\"1223\">Vormsi landskapsskyddsomr\u00e5de<\/strong><\/h2>\n<p data-start=\"1225\" data-end=\"1600\">Vormsi landskapsskyddsomr\u00e5de inr\u00e4ttades \u00e5r 2000. Det skyddade omr\u00e5det omfattar 19,75 km\u00b2, varav cirka 13 km\u00b2 \u00e4r grunt kusthav. Syftet med skyddsomr\u00e5det \u00e4r att bevara det unika och k\u00e4nsliga naturlandskapet i V\u00e4stra Estlands sk\u00e4rg\u00e5rd, hotade traditionella kulturlandskap samt skyddade och hotade f\u00e5gel- och v\u00e4xtarter. Omr\u00e5det f\u00f6rvaltas av Milj\u00f6myndigheten. (Skyddsbest\u00e4mmelser)<\/p>\n<p data-start=\"1602\" data-end=\"1765\">Naturv\u00e5rden p\u00e5 Vormsi har en l\u00e5ng historia \u2013 den g\u00e5r \u00f6ver tv\u00e5 sekler tillbaka. Redan 1766 f\u00f6rbj\u00f6d den lokala gods\u00e4garen kalkbr\u00e4nning p\u00e5 \u00f6n f\u00f6r att skydda skogarna.<\/p>\n<h2 data-start=\"1772\" data-end=\"1816\"><strong data-start=\"1776\" data-end=\"1816\">Internationellt viktiga f\u00e5gelomr\u00e5den<\/strong><\/h2>\n<p data-start=\"1818\" data-end=\"2142\">Tv\u00e5 internationellt viktiga f\u00e5gelomr\u00e5den ligger l\u00e4ngs Vormsis kust: vikarna vid Hullo och Sviby samt sundet Hari kurk. Strand\u00e4ngarna och det omgivande havet med sm\u00e5\u00f6ar n\u00e4ra Sviby och Hullo har dessutom utsetts till forskningsomr\u00e5de av den brittiska kungliga f\u00e5gelskyddsf\u00f6reningen (RSPB) \u2013 RSPB-omr\u00e5de: Hullo och Sviby vikar.<\/p>\n<p data-start=\"2144\" data-end=\"2243\">Vormsis kust med sina artrika \u00e4ngar, enar och skogsmilj\u00f6er ing\u00e5r i V\u00e4inameri Natura 2000-n\u00e4tverket.<\/p>\n<h2 data-start=\"2250\" data-end=\"2318\"><strong data-start=\"2254\" data-end=\"2318\">Vormsi som en del av V\u00e4stra Estlands sk\u00e4rg\u00e5rds biosf\u00e4romr\u00e5de<\/strong><\/h2>\n<p data-start=\"2320\" data-end=\"2642\">Vormsi \u00e4r en del av <strong data-start=\"2340\" data-end=\"2383\">V\u00e4stra Estlands sk\u00e4rg\u00e5rds biosf\u00e4romr\u00e5de<\/strong>, som ligger i \u00f6stra delen av \u00d6stersj\u00f6n. Reservatet omfattar Estlands st\u00f6rsta \u00f6ar \u2013 Saaremaa, Hiiumaa och Muhu \u2013 samt mindre bebodda \u00f6ar som Vormsi, Ruhnu, Abruka, Vilsandi, Kessu och K\u00f5inastu, samt omgivande havsomr\u00e5den i \u00d6stersj\u00f6n, V\u00e4inameri och Rigabukten.<\/p>\n<p data-start=\"2644\" data-end=\"2938\">Biosf\u00e4romr\u00e5den v\u00e4ljs ut baserat p\u00e5 b\u00e5de deras biogeografiska representativitet och deras naturskyddsv\u00e4rde. Dessa omr\u00e5den fungerar som pilotregioner f\u00f6r att utveckla h\u00e5llbart nyttjande av naturresurser och \u00e4r b\u00e5de bebodda och ekonomiskt utnyttjade. V\u00e4stra Estlands \u00f6ar uppfyller dessa kriterier.<\/p>\n<p data-start=\"2940\" data-end=\"3057\"><strong>Mer information finns p\u00e5 biosf\u00e4romr\u00e5dets webbplats: <a class=\"\" href=\"https:\/\/www.mabestonia.ee\/et\" rel=\"noopener\" data-start=\"2997\" data-end=\"3057\">H\u00c4R<\/a><\/strong><\/p>\n<h2 data-start=\"3064\" data-end=\"3109\"><strong data-start=\"3068\" data-end=\"3109\">Om naturbetesmarker och deras sk\u00f6tsel<\/strong><\/h2>\n<p data-start=\"3111\" data-end=\"3314\">\u00c5r 2022 lanserade Milj\u00f6myndigheten en r\u00e5dgivningstj\u00e4nst f\u00f6r \u00e4gare av naturbetesmarker, med syftet att \u00f6ka mark\u00e4garnas medvetenhet om v\u00e4rdet av dessa marker, sk\u00f6tselalternativ och tillg\u00e4ngliga st\u00f6dformer.<\/p>\n<p data-start=\"3316\" data-end=\"3441\">Information om hur man sk\u00f6ter naturbetesmarker p\u00e5 egen mark finns <a href=\"https:\/\/www.loodusrikaseesti.ee\/et\/millest-alustada\"><strong data-start=\"3382\" data-end=\"3389\">H\u00c4R<\/strong><\/a>.<br data-start=\"3390\" data-end=\"3393\" \/>Ett nyhetsbrev finns ocks\u00e5 tillg\u00e4ngligt <a href=\"https:\/\/mailchi.mp\/c2f0d493e666\/prandniitude-infokiri-1\"><strong data-start=\"3433\" data-end=\"3440\">H\u00c4R<\/strong><\/a>.<\/p>\n<p data-start=\"3443\" data-end=\"3512\"><a href=\"https:\/\/vormsi.ee\/parandniitudest-ja-nende-hoidmisest\/\"><strong data-start=\"3447\" data-end=\"3470\">Nyhet (06.04.2023):<\/strong> <em data-start=\"3471\" data-end=\"3512\">Om naturbetesmarker och deras bevarande<\/em><\/a><\/p>\n<p>[\/vc_column_text][\/vc_column][\/vc_row]<\/p>\n<\/div>","protected":false},"excerpt":{"rendered":"<p>[vc_row][vc_column][vc_column_text css=&#8221;&#8221;] Ett av Vormsi kommuns prioriterade m\u00e5l 2022\u20132030: Bevarande av natur-&#8230;<\/p>\n","protected":false},"author":2,"featured_media":0,"parent":915,"menu_order":0,"comment_status":"closed","ping_status":"closed","template":"","meta":{"_acf_changed":false,"footnotes":""},"class_list":["post-933","page","type-page","status-publish","hentry"],"acf":[],"_links":{"self":[{"href":"https:\/\/vormsi.ee\/sv\/wp-json\/wp\/v2\/pages\/933","targetHints":{"allow":["GET"]}}],"collection":[{"href":"https:\/\/vormsi.ee\/sv\/wp-json\/wp\/v2\/pages"}],"about":[{"href":"https:\/\/vormsi.ee\/sv\/wp-json\/wp\/v2\/types\/page"}],"author":[{"embeddable":true,"href":"https:\/\/vormsi.ee\/sv\/wp-json\/wp\/v2\/users\/2"}],"replies":[{"embeddable":true,"href":"https:\/\/vormsi.ee\/sv\/wp-json\/wp\/v2\/comments?post=933"}],"version-history":[{"count":0,"href":"https:\/\/vormsi.ee\/sv\/wp-json\/wp\/v2\/pages\/933\/revisions"}],"up":[{"embeddable":true,"href":"https:\/\/vormsi.ee\/sv\/wp-json\/wp\/v2\/pages\/915"}],"wp:attachment":[{"href":"https:\/\/vormsi.ee\/sv\/wp-json\/wp\/v2\/media?parent=933"}],"curies":[{"name":"wp","href":"https:\/\/api.w.org\/{rel}","templated":true}]}}