{"id":931,"date":"2015-04-01T12:24:26","date_gmt":"2015-04-01T10:24:26","guid":{"rendered":"http:\/\/vormsi.ee\/?page_id=931"},"modified":"2026-02-04T16:04:08","modified_gmt":"2026-02-04T14:04:08","slug":"bibliotek","status":"publish","type":"page","link":"https:\/\/vormsi.ee\/sv\/livet_ormso\/bibliotek\/","title":{"rendered":"Bibliotek"},"content":{"rendered":"<div class=\"wpb-content-wrapper\"><p>[vc_row][vc_column][vc_column_text css=&#8221;&#8221;]<strong>Det finns tv\u00e5 k\u00e4nda grundandedatum i Vormsi biblioteks historia:<\/strong><br \/>\n\u00c5r 1919 grundades ett svenskspr\u00e5kigt bibliotek h\u00e4r, och \u00e5r 1924 tillkom ett estniskspr\u00e5kigt bibliotek. Precis som idag l\u00e5g biblioteket d\u00e5 under samma tak som skolan. Allt i samlingarna kunde l\u00e5nas \u2013 b\u00e5de b\u00f6cker och handskrifter.<\/p>\n<p><strong>Idag omfattar Vormsi biblioteks samling cirka 10 000 objekt.<\/strong><br \/>\nSamlingen best\u00e5r traditionellt av b\u00e5de b\u00f6cker och tidskrifter. Dessutom finns en liten samling skivor och ett videobibliotek. De flesta materialen \u00e4r p\u00e5 estniska, men det finns ocks\u00e5 ett mindre urval p\u00e5 svenska och ryska. Biblioteket anv\u00e4nder URRAM-systemet (www.lugeja.ee), vilket g\u00f6r det m\u00f6jligt f\u00f6r l\u00e4sare att anv\u00e4nda m\u00e5nga estniska biblioteks tj\u00e4nster online.<\/p>\n<p><strong>L\u00e5netiden f\u00f6r bibliotekets material \u00e4r 30 kalenderdagar.<\/strong><br \/>\nB\u00e5de b\u00f6cker och tidskrifter finns till utl\u00e5n. L\u00e4sare har tillg\u00e5ng till \u00f6ppna hyllor f\u00f6r sk\u00f6nlitteratur och facklitteratur, samt ett l\u00e4srum\/barnh\u00f6rna f\u00f6r att utforska tidskrifter och barnlitteratur. Biblioteket har \u00e4ven en offentlig internetarbetsplats och ligger inom ett omr\u00e5de med tr\u00e5dl\u00f6st internet.<\/p>\n<p>Personer med r\u00f6relsehinder eller tillf\u00e4lliga h\u00e4lsoproblem har m\u00f6jlighet att anv\u00e4nda hemservice. Anv\u00e4ndare av rollator och rullstol kan komma in i biblioteket via skolbyggnadens bakre ing\u00e5ng med hj\u00e4lp av rampen; biblioteket kan meddelas i f\u00f6rv\u00e4g per telefon eller e-post.<\/p>\n<p><strong>Bibliotekets \u00f6ppettider:<\/strong><br \/>\nTis\u2013Fre: kl. 9.00 \u2013 16.00<br \/>\nL\u00f6r: kl. 10.00 \u2013 14.00<br \/>\nSt\u00e4ngt p\u00e5 m\u00e5ndagar och s\u00f6ndagar<\/p>\n<p><strong>Kontakt:<\/strong><br \/>\nHuvudbibliotekarie: Ene Rand<br \/>\nHullo by, Vormsi kommun<br \/>\nTelefon: (+372) 57 70 4904<br \/>\nE-post: raamatukogu@vormsi.ee[\/vc_column_text][\/vc_column][\/vc_row]<\/p>\n<\/div>","protected":false},"excerpt":{"rendered":"<p>[vc_row][vc_column][vc_column_text css=&#8221;&#8221;]Det finns tv\u00e5 k\u00e4nda grundandedatum i Vormsi biblioteks historia: \u00c5r 1919&#8230;<\/p>\n","protected":false},"author":2,"featured_media":0,"parent":915,"menu_order":0,"comment_status":"closed","ping_status":"closed","template":"","meta":{"_acf_changed":false,"footnotes":""},"class_list":["post-931","page","type-page","status-publish","hentry"],"acf":[],"_links":{"self":[{"href":"https:\/\/vormsi.ee\/sv\/wp-json\/wp\/v2\/pages\/931","targetHints":{"allow":["GET"]}}],"collection":[{"href":"https:\/\/vormsi.ee\/sv\/wp-json\/wp\/v2\/pages"}],"about":[{"href":"https:\/\/vormsi.ee\/sv\/wp-json\/wp\/v2\/types\/page"}],"author":[{"embeddable":true,"href":"https:\/\/vormsi.ee\/sv\/wp-json\/wp\/v2\/users\/2"}],"replies":[{"embeddable":true,"href":"https:\/\/vormsi.ee\/sv\/wp-json\/wp\/v2\/comments?post=931"}],"version-history":[{"count":0,"href":"https:\/\/vormsi.ee\/sv\/wp-json\/wp\/v2\/pages\/931\/revisions"}],"up":[{"embeddable":true,"href":"https:\/\/vormsi.ee\/sv\/wp-json\/wp\/v2\/pages\/915"}],"wp:attachment":[{"href":"https:\/\/vormsi.ee\/sv\/wp-json\/wp\/v2\/media?parent=931"}],"curies":[{"name":"wp","href":"https:\/\/api.w.org\/{rel}","templated":true}]}}