{"id":923,"date":"2015-03-20T13:16:43","date_gmt":"2015-03-20T11:16:43","guid":{"rendered":"http:\/\/vormsi.ee\/?page_id=923"},"modified":"2026-04-04T17:14:18","modified_gmt":"2026-04-04T15:14:18","slug":"olulised-kontaktid","status":"publish","type":"page","link":"https:\/\/vormsi.ee\/sv\/livet_ormso\/olulised-kontaktid\/","title":{"rendered":"Kontakter"},"content":{"rendered":"<div class=\"wpb-content-wrapper\"><p>[vc_row][vc_column width=&#8221;1\/2&#8243;][vc_row_inner][vc_column_inner][vc_column_text css=&#8221;&#8221;]<\/p>\n<h2><strong>Kommunadministration<\/strong><\/h2>\n<p>Tel: (+372) 529 6318<br \/>\nE-post: vv@vormsi.ee<br \/>\nHullo by, Vormsi kommun,<br \/>\n91301 L\u00e4\u00e4ne l\u00e4n<br \/>\nRegistreringskod: 75022427<br \/>\nBankkonto: EE702200001120170356[\/vc_column_text][\/vc_column_inner][\/vc_row_inner][\/vc_column][vc_column width=&#8221;1\/2&#8243;][vc_row_inner][vc_column_inner][vc_column_text css=&#8221;&#8221;]<\/p>\n<h2><strong>Kommunfullm\u00e4ktige<\/strong><\/h2>\n<p>Ordf\u00f6rande: Tanel Viks<br \/>\nE-post: volikogu@vormsi.ee<br \/>\nTel: (+372) 506 3351<br \/>\nHullo by, Vormsi kommun,<br \/>\n91301, L\u00e4\u00e4ne l\u00e4n[\/vc_column_text][\/vc_column_inner][\/vc_row_inner][\/vc_column][\/vc_row][vc_row][vc_column width=&#8221;1\/2&#8243;][vc_column_text css=&#8221;&#8221;]<\/p>\n<h2><strong>Lokal polis<\/strong><\/h2>\n<p>Maiko Sirts<br \/>\nTel: (+372) 534 244 12<br \/>\nI akuta situationer: 112[\/vc_column_text][\/vc_column][vc_column width=&#8221;1\/2&#8243;][vc_column_text css=&#8221;&#8221;]<\/p>\n<h2><strong>Bussinformation<\/strong><\/h2>\n<p>Tel: (+372) 563 896 66[\/vc_column_text][\/vc_column][\/vc_row][vc_row][vc_column width=&#8221;1\/2&#8243;][vc_column_text css=&#8221;&#8221;]<\/p>\n<h2>Vormsi Kaubamaja<\/h2>\n<p>\u00d6ppettider: M\u00e5ndag till S\u00f6ndag 10.00-18.00<br \/>\nTel: (+372) 5386 9859<br \/>\nE-post: <a class=\"gmail-x1i10hfl gmail-xjbqb8w gmail-x1ejq31n gmail-x18oe1m7 gmail-x1sy0etr gmail-xstzfhl gmail-x972fbf gmail-x10w94by gmail-x1qhh985 gmail-x14e42zd gmail-x9f619 gmail-x1ypdohk gmail-xt0psk2 gmail-x3ct3a4 gmail-xdj266r gmail-x14z9mp gmail-xat24cr gmail-x1lziwak gmail-xexx8yu gmail-xyri2b gmail-x18d9i69 gmail-x1c1uobl gmail-x16tdsg8 gmail-x1hl2dhg gmail-xggy1nq gmail-x1a2a7pz gmail-xkrqix3 gmail-x1sur9pj gmail-x1fey0fg gmail-x1s688f\" tabindex=\"0\" role=\"link\" href=\"mailto:vormsikaubamaja1@inkeral.ee\" target=\"_blank\" rel=\"nofollow noopener noreferrer\">vormsikaubamaja1@inkeral.ee<\/a>[\/vc_column_text][\/vc_column][vc_column width=&#8221;1\/2&#8243;][vc_column_text css=&#8221;&#8221;]<\/p>\n<h2><strong>Vormsi r\u00e4ddningstj\u00e4nst<\/strong><\/h2>\n<p>\u00d6verbef\u00e4lhavare: Kaido Valm<br \/>\nTel: (+372) 530 013 06<br \/>\nE-post: kaido.valm@rescue.ee[\/vc_column_text][\/vc_column][\/vc_row][vc_row][vc_column width=&#8221;1\/2&#8243;][vc_column_text css=&#8221;&#8221;]<\/p>\n<h2><strong>Sviby hamn<\/strong><\/h2>\n<p class=\"title-heading-center title-heading-tag fusion-responsive-typography-calculated\">Tel: (+372) 530 128 89<br \/>\nHamnchef: Saarte Liinid Sviby<br \/>\nHamninformationhttps:\/\/saarteliinid.ee\/sviby\/<\/p>\n<p>[\/vc_column_text][\/vc_column][vc_column width=&#8221;1\/2&#8243;][vc_column_text css=&#8221;&#8221;]<\/p>\n<h2><strong>Turistinformation<\/strong><\/h2>\n<p>E-post: info@visithaapsalu.com<br \/>\nSA L\u00e4\u00e4nemaa[\/vc_column_text][\/vc_column][\/vc_row][vc_row][vc_column width=&#8221;1\/2&#8243;][vc_column_text css=&#8221;&#8221;]<\/p>\n<h2><strong>Vormsi P\u00fcha Olavi kyrka<\/strong><\/h2>\n<p>Ants Rajando<br \/>\nTel: (+372) 518 7957<br \/>\nE-post: vormsi@eelk.ee[\/vc_column_text][\/vc_column][vc_column width=&#8221;1\/2&#8243;][\/vc_column][\/vc_row]<\/p>\n<\/div>","protected":false},"excerpt":{"rendered":"<p>[vc_row][vc_column width=&#8221;1\/2&#8243;][vc_row_inner][vc_column_inner][vc_column_text css=&#8221;&#8221;] Kommunadministration Tel: (+372) 529 6318 E-post: vv@vormsi.ee Hullo by,&#8230;<\/p>\n","protected":false},"author":2,"featured_media":0,"parent":915,"menu_order":0,"comment_status":"closed","ping_status":"closed","template":"","meta":{"_acf_changed":false,"footnotes":""},"class_list":["post-923","page","type-page","status-publish","hentry"],"acf":[],"_links":{"self":[{"href":"https:\/\/vormsi.ee\/sv\/wp-json\/wp\/v2\/pages\/923","targetHints":{"allow":["GET"]}}],"collection":[{"href":"https:\/\/vormsi.ee\/sv\/wp-json\/wp\/v2\/pages"}],"about":[{"href":"https:\/\/vormsi.ee\/sv\/wp-json\/wp\/v2\/types\/page"}],"author":[{"embeddable":true,"href":"https:\/\/vormsi.ee\/sv\/wp-json\/wp\/v2\/users\/2"}],"replies":[{"embeddable":true,"href":"https:\/\/vormsi.ee\/sv\/wp-json\/wp\/v2\/comments?post=923"}],"version-history":[{"count":1,"href":"https:\/\/vormsi.ee\/sv\/wp-json\/wp\/v2\/pages\/923\/revisions"}],"predecessor-version":[{"id":36485,"href":"https:\/\/vormsi.ee\/sv\/wp-json\/wp\/v2\/pages\/923\/revisions\/36485"}],"up":[{"embeddable":true,"href":"https:\/\/vormsi.ee\/sv\/wp-json\/wp\/v2\/pages\/915"}],"wp:attachment":[{"href":"https:\/\/vormsi.ee\/sv\/wp-json\/wp\/v2\/media?parent=923"}],"curies":[{"name":"wp","href":"https:\/\/api.w.org\/{rel}","templated":true}]}}