{"id":865,"date":"2015-03-26T17:34:26","date_gmt":"2015-03-26T15:34:26","guid":{"rendered":"http:\/\/vormsi.ee\/?page_id=865"},"modified":"2024-08-16T18:12:28","modified_gmt":"2024-08-16T16:12:28","slug":"demokrati","status":"publish","type":"page","link":"https:\/\/vormsi.ee\/sv\/demokrati\/","title":{"rendered":"Demokrati"},"content":{"rendered":"<div class=\"wpb-content-wrapper\"><p>[vc_row][vc_column][vc_column_text css=&#8221;&#8221;]Information som \u00e4r n\u00f6dv\u00e4ndig f\u00f6r administration i Vormsi kommun.[\/vc_column_text][vc_separator][\/vc_column][\/vc_row][vc_row css=&#8221;.vc_custom_1683623880525{margin-top: 35px !important;}&#8221;][vc_column][vc_column_text css=&#8221;&#8221; el_class=&#8221;vormsi-list&#8221;]<\/p>\n<ul>\n<li>\n<h2><a href=\"https:\/\/vormsi.ee\/sv\/demokrati\/volikogu\/\">R\u00e5d<\/a><\/h2>\n<\/li>\n<li>\n<h2><a href=\"https:\/\/vormsi.ee\/sv\/demokrati\/vallavalitsus\/\">Kommunal f\u00f6rvaltning<\/a><\/h2>\n<\/li>\n<li>\n<h2><a href=\"https:\/\/vormsi.ee\/sv\/demokrati\/valla-sumboolika\/\">Symbol f\u00f6r kommunen<\/a><\/h2>\n<\/li>\n<li>\n<h2><a href=\"https:\/\/vormsi.ee\/sv\/oversiktsplan\/\">Vormsi kommuns generalplan<\/a><\/h2>\n<\/li>\n<\/ul>\n<p>[\/vc_column_text][\/vc_column][\/vc_row]<\/p>\n<\/div>","protected":false},"excerpt":{"rendered":"<p>[vc_row][vc_column][vc_column_text css=&#8221;&#8221;]Information som \u00e4r n\u00f6dv\u00e4ndig f\u00f6r administration i Vormsi kommun.[\/vc_column_text][vc_separator][\/vc_column][\/vc_row][vc_row css=&#8221;.vc_custom_1683623880525{margin-top: 35px&#8230;<\/p>\n","protected":false},"author":2,"featured_media":0,"parent":0,"menu_order":0,"comment_status":"closed","ping_status":"closed","template":"","meta":{"_acf_changed":false,"footnotes":""},"class_list":["post-865","page","type-page","status-publish","hentry"],"acf":[],"_links":{"self":[{"href":"https:\/\/vormsi.ee\/sv\/wp-json\/wp\/v2\/pages\/865","targetHints":{"allow":["GET"]}}],"collection":[{"href":"https:\/\/vormsi.ee\/sv\/wp-json\/wp\/v2\/pages"}],"about":[{"href":"https:\/\/vormsi.ee\/sv\/wp-json\/wp\/v2\/types\/page"}],"author":[{"embeddable":true,"href":"https:\/\/vormsi.ee\/sv\/wp-json\/wp\/v2\/users\/2"}],"replies":[{"embeddable":true,"href":"https:\/\/vormsi.ee\/sv\/wp-json\/wp\/v2\/comments?post=865"}],"version-history":[{"count":0,"href":"https:\/\/vormsi.ee\/sv\/wp-json\/wp\/v2\/pages\/865\/revisions"}],"wp:attachment":[{"href":"https:\/\/vormsi.ee\/sv\/wp-json\/wp\/v2\/media?parent=865"}],"curies":[{"name":"wp","href":"https:\/\/api.w.org\/{rel}","templated":true}]}}