{"id":864,"date":"2015-03-27T11:28:24","date_gmt":"2015-03-27T09:28:24","guid":{"rendered":"http:\/\/vormsi.ee\/?page_id=864"},"modified":"2025-03-31T14:29:37","modified_gmt":"2025-03-31T12:29:37","slug":"avaleht","status":"publish","type":"page","link":"https:\/\/vormsi.ee\/sv\/","title":{"rendered":"Startsidan"},"content":{"rendered":"<div class=\"wpb-content-wrapper\"><p>[vc_row full_width=&#8221;stretch_row_content_no_spaces&#8221; css_animation=&#8221;fadeIn&#8221; el_id=&#8221;hero&#8221;][vc_column el_class=&#8221;main-carousel&#8221;][vc_row_inner content_placement=&#8221;middle&#8221; el_class=&#8221;carousel-cell&#8221; css=&#8221;.vc_custom_1678436144170{padding-top: 100px !important;padding-bottom: 100px !important;background-image: url(https:\/\/vormsi.ee\/wp-content\/uploads\/2023\/01\/0X2A1777-scaled.jpg?id=21935) !important;background-position: center !important;background-repeat: no-repeat !important;background-size: cover !important;}&#8221;][vc_column_inner el_class=&#8221;slider-content&#8221;][\/vc_column_inner][\/vc_row_inner][vc_row_inner content_placement=&#8221;middle&#8221; el_class=&#8221;carousel-cell&#8221; css=&#8221;.vc_custom_1678436101463{padding-top: 100px !important;padding-bottom: 100px !important;background-image: url(https:\/\/vormsi.ee\/wp-content\/uploads\/2023\/01\/0X2A2261-scaled.jpg?id=21949) !important;background-position: center !important;background-repeat: no-repeat !important;background-size: cover !important;}&#8221;][vc_column_inner el_class=&#8221;slider-content&#8221;][\/vc_column_inner][\/vc_row_inner][vc_row_inner content_placement=&#8221;middle&#8221; el_class=&#8221;carousel-cell&#8221; css=&#8221;.vc_custom_1678436258473{padding-top: 100px !important;padding-bottom: 100px !important;background-image: url(https:\/\/vormsi.ee\/wp-content\/uploads\/2023\/01\/0X2A9208-scaled.jpg?id=22040) !important;background-position: center !important;background-repeat: no-repeat !important;background-size: cover !important;}&#8221;][vc_column_inner el_class=&#8221;slider-content&#8221;][\/vc_column_inner][\/vc_row_inner][\/vc_column][\/vc_row][vc_row][vc_column][vc_raw_js]JTNDbGluayUyMHJlbCUzRCUyMnN0eWxlc2hlZXQlMjIlMjBocmVmJTNEJTIyaHR0cHMlM0ElMkYlMkZjZG4uanNkZWxpdnIubmV0JTJGbnBtJTJGZmxpY2tpdHklNDAyJTJGZGlzdCUyRmZsaWNraXR5Lm1pbi5jc3MlMjIlM0UlMEElM0MlMjEtLSUyMEphdmFTY3JpcHQlMjAtLSUzRSUwQSUzQ3NjcmlwdCUyMHNyYyUzRCUyMmh0dHBzJTNBJTJGJTJGY2RuLmpzZGVsaXZyLm5ldCUyRm5wbSUyRmZsaWNraXR5JTQwMiUyRmRpc3QlMkZmbGlja2l0eS5wa2dkLm1pbi5qcyUyMiUzRSUzQyUyRnNjcmlwdCUzRSUwQSUwQSUzQ2xpbmslMjByZWwlM0QlMjJzdHlsZXNoZWV0JTIyJTIwaHJlZiUzRCUyMmh0dHBzJTNBJTJGJTJGY2RuLmpzZGVsaXZyLm5ldCUyRm5wbSUyRmZsaWNraXR5LWZhZGUlNDAyJTJGZmxpY2tpdHktZmFkZS5jc3MlMjIlM0UlMEElM0MlMjEtLSUyMEpTJTIwLS0lM0UlMEElM0NzY3JpcHQlMjBzcmMlM0QlMjJodHRwcyUzQSUyRiUyRmNkbi5qc2RlbGl2ci5uZXQlMkZucG0lMkZmbGlja2l0eS1mYWRlJTQwMSUyRmZsaWNraXR5LWZhZGUuanMlMjIlM0UlM0MlMkZzY3JpcHQlM0UlMEElMEElMEElM0NzY3JpcHQlM0UlMEElMjAlMjBqUXVlcnklMjglMjcuY2Fyb3VzZWwtY2VsbCUzQW5vdCUyOCUzQW50aC1jaGlsZCUyODElMjklMjklMjclMjkuY3NzJTI4JTdCJTBBJTIwJTIwJTIwJTIwJTI3b3BhY2l0eSUyNyUzQSUyMCUyNzAlMjclMkMlMEElMjAlMjAlMjAlMjAlMjdoZWlnaHQlMjclM0ElMjAlMjcwJTI3JTBBJTIwJTIwJTdEJTI5JTNCJTBBJTBBalF1ZXJ5JTI4ZG9jdW1lbnQlMjkucmVhZHklMjhmdW5jdGlvbiUyOCUyOSUyMCU3QiUwQSUyMCUyMGpRdWVyeSUyOCUyNy5jYXJvdXNlbC1jZWxsJTNBbm90JTI4JTNBbnRoLWNoaWxkJTI4MSUyOSUyOSUyNyUyOS5jc3MlMjglN0IlMEElMjAlMjAlMjAlMjAlMjdvcGFjaXR5JTI3JTNBJTIwJTI3MSUyNyUyQyUwQSUyMCUyMCUyMCUyMCUyN2hlaWdodCUyNyUzQSUyMCUyN2F1dG8lMjclMEElMjAlMjAlN0QlMjklM0IlMEElN0QlMjklM0IlMEElMEElMEFqUXVlcnklMjh3aW5kb3clMjkub24lMjglMjJsb2FkJTIyJTJDJTIwZnVuY3Rpb24lMjglMjklMjAlN0IlMEElMjAlMjAlMjAlMjBqUXVlcnklMjglMjcubWFpbi1jYXJvdXNlbCUyMCUzRSUyMC52Y19jb2x1bW4taW5uZXIlMjAlM0UlMjAud3BiX3dyYXBwZXIlMjclMjkuZmxpY2tpdHklMjglN0IlMEElMjAlMjAlMjAlMjAlMjAlMjAlMjAlMjAlMkYlMkYlMjBvcHRpb25zJTBBJTIwJTIwJTIwJTIwJTIwJTIwJTIwJTIwY2VsbEFsaWduJTNBJTIwJTI3bGVmdCUyNyUyQyUwQSUyMCUyMCUyMCUyMCUyMCUyMCUyMCUyMGNvbnRhaW4lM0ElMjB0cnVlJTJDJTBBJTIwJTIwJTIwJTIwJTIwJTJGJTJGJTIwJTIwJTIwYXV0b1BsYXklM0ElMjB0cnVlJTJDJTBBJTIwJTIwJTIwJTIwJTIwJTIwJTIwJTIwYXV0b1BsYXklM0ElMjA5MDAwJTJDJTIwJTJGJTJGJTIwJTdCTnVtYmVyJTdEJTBBJTIwJTIwJTIwJTIwJTIwJTIwJTIwJTIwd3JhcEFyb3VuZCUzQSUyMHRydWUlMkMlMEElMjAlMjAlMjAlMjAlMjAlMjAlMjAlMjBmYWRlJTNBJTIwZmFsc2UlMEElMjAlMjAlMjAlMjAlN0QlMjklM0IlMEElN0QlMjklM0IlMEElMEElMEFqUXVlcnklMjhkb2N1bWVudCUyOS5yZWFkeSUyOGZ1bmN0aW9uJTI4JTI0JTI5JTIwJTdCJTBBJTIwJTIwJTIwJTIwJTJGJTJGJTIwbGVpYSUyMGslQzMlQjVpayUyMHBvc3RpdHVzZWQlMkMlMjBtaWxsZWxlJTIwc29vdmlkJTIwbGlzYWRhJTIwaG92ZXIlMjBlZmVrdGklMEElMjAlMjAlMjAlMjB2YXIlMjBwb3N0cyUyMCUzRCUyMGpRdWVyeSUyOCUyNy52Y19ncmlkLWl0ZW0lMjclMjklM0IlMEElMjAlMjAlMjAlMjAlMEElMjAlMjAlMjAlMjAlMkYlMkYlMjBoaWlyZSUyMHNpc2VuZW1pc2VsJTIwdiVDMyVCNWklMjBuJUMzJUE0cHVnYSUyMHB1dWR1dGFtaXNlbCUyMGxpc2ElMjBwb3N0aXR1c2VsZSUyMENTUyUyMGtsYXNzJTBBJTIwJTIwJTIwJTIwcG9zdHMub24lMjglMjdtb3VzZWVudGVyJTIwdG91Y2hzdGFydCUyNyUyQyUyMGZ1bmN0aW9uJTI4JTI5JTIwJTdCJTBBJTIwJTIwJTIwJTIwJTIwJTIwJTIwJTIwalF1ZXJ5JTI4dGhpcyUyOS5hZGRDbGFzcyUyOCUyN2hvdmVyLWVmZmVjdCUyNyUyOSUzQiUwQSUyMCUyMCUyMCUyMCU3RCUyOSUzQiUwQSUyMCUyMCUyMCUyMCUwQSUyMCUyMCUyMCUyMCUyRiUyRiUyMGhpaXJlJTIwdiVDMyVBNGxqdW1pc2VsJTIwdiVDMyVCNWklMjBuJUMzJUE0cHVnYSUyMGxpaWt1bWlzZWwlMjBtdWphbGUlMjBlZW1hbGRhJTIwQ1NTJTIwa2xhc3MlMEElMjAlMjAlMjAlMjBwb3N0cy5vbiUyOCUyN21vdXNlbGVhdmUlMjB0b3VjaGVuZCUyNyUyQyUyMGZ1bmN0aW9uJTI4JTI5JTIwJTdCJTBBJTIwJTIwJTIwJTIwJTIwJTIwJTIwJTIwalF1ZXJ5JTI4dGhpcyUyOS5yZW1vdmVDbGFzcyUyOCUyN2hvdmVyLWVmZmVjdCUyNyUyOSUzQiUwQSUyMCUyMCUyMCUyMCU3RCUyOSUzQiUwQSU3RCUyOSUzQiUwQSUwQSUwQSUwQSUwQSUwQSUzQyUyRnNjcmlwdCUzRQ==[\/vc_raw_js][\/vc_column][\/vc_row][vc_row content_placement=&#8221;top&#8221; css=&#8221;.vc_custom_1683547788937{margin-top: 0px !important;margin-bottom: 0px !important;padding-bottom: 0px !important;}&#8221;][vc_column css=&#8221;.vc_custom_1678711149446{margin-bottom: 0px !important;border-bottom-width: 0px !important;padding-bottom: 0px !important;}&#8221;][\/vc_column][\/vc_row][vc_row content_placement=&#8221;top&#8221; disable_element=&#8221;yes&#8221; css=&#8221;.vc_custom_1678711866900{margin-top: 35px !important;margin-bottom: 0px !important;padding-bottom: 0px !important;}&#8221;][vc_column css=&#8221;.vc_custom_1678711149446{margin-bottom: 0px !important;border-bottom-width: 0px !important;padding-bottom: 0px !important;}&#8221;][vc_message message_box_color=&#8221;alert-danger&#8221; icon_fontawesome=&#8221;fas fa-exclamation-triangle&#8221;]<\/p>\n<p style=\"text-align: left;\">Hoiatus!<\/p>\n<p>[\/vc_message][vc_message]<\/p>\n<ul>\n<li>Homme, 18.04 on raamatukogu avatud alates 13.15!<\/li>\n<\/ul>\n<p>[\/vc_message][vc_message message_box_color=&#8221;warning&#8221; icon_fontawesome=&#8221;far fa-bell&#8221;]<\/p>\n<p style=\"text-align: left;\"><a href=\"https:\/\/vormsi.ee\/ametlik-teadaanne\/\" target=\"_blank\" rel=\"noopener\">Ametlik teadaanne<\/a>!<\/p>\n<p>[\/vc_message][\/vc_column][\/vc_row][vc_row][vc_column width=&#8221;2\/3&#8243;][\/vc_column][vc_column width=&#8221;1\/3&#8243;][\/vc_column][\/vc_row][vc_row gap=&#8221;30&#8243; equal_height=&#8221;yes&#8221; content_placement=&#8221;top&#8221; css=&#8221;.vc_custom_1684435652231{margin-top: 35px !important;padding-top: 0px !important;}&#8221;][vc_column width=&#8221;7\/12&#8243; offset=&#8221;vc_col-lg-8 vc_col-md-8&#8243;][vc_custom_heading text=&#8221;Introduktion av \u00f6n&#8221; font_container=&#8221;tag:h2|font_size:28|text_align:left|color:%237c272a&#8221; use_theme_fonts=&#8221;yes&#8221; css=&#8221;.vc_custom_1684436213377{margin-bottom: 25px !important;}&#8221; el_class=&#8221;pealkiri&#8221;][vc_column_text css=&#8221;&#8221;]Livet p\u00e5 \u00f6n Vormsi med sin vackra natur \u00e4r lugnt och tryggt. Vi omges av en s\u00e4ker milj\u00f6 med v\u00e4rdefullt kulturarv och lever n\u00e4ra naturen. V\u00e5ra barn g\u00e5r i en restaurerad skolbyggnad och f\u00f6rskola.<\/p>\n<p>Vormsi har en modern infrastruktur. V\u00e4g- och hamnn\u00e4tet \u00e4r st\u00e4ndigt under renovering. Samh\u00e4llsekonomin \u00e4r baserad p\u00e5 lokala resurser som potatis, b\u00e4r, svamp, honung, husdjur, virke, vilda djur och fisk.[\/vc_column_text][vc_empty_space height=&#8221;100&#8243; el_class=&#8221;vahe-100&#8243;][\/vc_column][vc_column width=&#8221;5\/12&#8243; offset=&#8221;vc_col-lg-4 vc_col-md-4&#8243;][vc_row_inner css=&#8221;.vc_custom_1678443222901{padding-right: 7.5px !important;padding-left: 7.5px !important;}&#8221;][vc_column_inner el_class=&#8221;calendar-column&#8221; css=&#8221;.vc_custom_1684435278987{margin-top: 0px !important;margin-right: 0px !important;margin-bottom: 0px !important;margin-left: 0px !important;padding-top: 0px !important;padding-right: 0px !important;padding-bottom: 0px !important;padding-left: 0px !important;}&#8221;][vc_single_image image=&#8221;22547&#8243; img_size=&#8221;medium&#8221; alignment=&#8221;center&#8221;][\/vc_column_inner][\/vc_row_inner][\/vc_column][\/vc_row][vc_row][vc_column][vc_empty_space height=&#8221;50&#8243; el_class=&#8221;vahe-100&#8243;][\/vc_column][\/vc_row]<\/p>\n<\/div>","protected":false},"excerpt":{"rendered":"<p>[vc_row full_width=&#8221;stretch_row_content_no_spaces&#8221; css_animation=&#8221;fadeIn&#8221; el_id=&#8221;hero&#8221;][vc_column el_class=&#8221;main-carousel&#8221;][vc_row_inner content_placement=&#8221;middle&#8221; el_class=&#8221;carousel-cell&#8221; css=&#8221;.vc_custom_1678436144170{padding-top: 100px !important;padding-bottom: 100px !important;background-image:&#8230;<\/p>\n","protected":false},"author":2,"featured_media":0,"parent":0,"menu_order":0,"comment_status":"open","ping_status":"closed","template":"template-biz.php","meta":{"_acf_changed":false,"footnotes":""},"class_list":["post-864","page","type-page","status-publish","hentry"],"acf":[],"_links":{"self":[{"href":"https:\/\/vormsi.ee\/sv\/wp-json\/wp\/v2\/pages\/864","targetHints":{"allow":["GET"]}}],"collection":[{"href":"https:\/\/vormsi.ee\/sv\/wp-json\/wp\/v2\/pages"}],"about":[{"href":"https:\/\/vormsi.ee\/sv\/wp-json\/wp\/v2\/types\/page"}],"author":[{"embeddable":true,"href":"https:\/\/vormsi.ee\/sv\/wp-json\/wp\/v2\/users\/2"}],"replies":[{"embeddable":true,"href":"https:\/\/vormsi.ee\/sv\/wp-json\/wp\/v2\/comments?post=864"}],"version-history":[{"count":0,"href":"https:\/\/vormsi.ee\/sv\/wp-json\/wp\/v2\/pages\/864\/revisions"}],"wp:attachment":[{"href":"https:\/\/vormsi.ee\/sv\/wp-json\/wp\/v2\/media?parent=864"}],"curies":[{"name":"wp","href":"https:\/\/api.w.org\/{rel}","templated":true}]}}