{"id":3987,"date":"2018-05-29T20:39:10","date_gmt":"2018-05-29T18:39:10","guid":{"rendered":"https:\/\/vormsi.ee\/?page_id=3987"},"modified":"2024-08-19T18:54:29","modified_gmt":"2024-08-19T16:54:29","slug":"historia","status":"publish","type":"page","link":"https:\/\/vormsi.ee\/sv\/avasta-vormsi\/historia\/","title":{"rendered":"Historia"},"content":{"rendered":"<div class=\"content user-select-text\" tabindex=\"0\" aria-description=\"\" aria-label=\"Sent by Copilot: Inneh\u00e5llet p\u00e5 denna sida finns p\u00e5 estniska och svenska[^1^]. \">\n<div class=\"ac-container ac-adaptiveCard has-image\">\n<div class=\"ac-textBlock\">\n<p><strong>Inneh\u00e5llet p\u00e5 denna sida finns p\u00e5 estniska och engelska.<\/strong><\/p>\n<p>P\u00e5 engelska: <a href=\"https:\/\/vormsi.ee\/en\/avasta-vormsi\/ajalugu\/\">H\u00c4R<\/a><\/p>\n<p>P\u00e5 estniska: <a href=\"https:\/\/vormsi.ee\/avasta-vormsi\/ajalugu\/\">H\u00c4R<\/a><strong><br \/>\n<\/strong><\/p>\n<\/div>\n<div class=\"ac-horizontal-separator\" aria-hidden=\"true\"><\/div>\n<\/div>\n<div class=\"ad-container\"><\/div>\n<\/div>\n","protected":false},"excerpt":{"rendered":"<p>Inneh\u00e5llet p\u00e5 denna sida finns p\u00e5 estniska och engelska. P\u00e5 engelska: H\u00c4R&#8230;<\/p>\n","protected":false},"author":1,"featured_media":0,"parent":3466,"menu_order":0,"comment_status":"closed","ping_status":"closed","template":"","meta":{"_acf_changed":false,"footnotes":""},"class_list":["post-3987","page","type-page","status-publish","hentry"],"acf":[],"_links":{"self":[{"href":"https:\/\/vormsi.ee\/sv\/wp-json\/wp\/v2\/pages\/3987","targetHints":{"allow":["GET"]}}],"collection":[{"href":"https:\/\/vormsi.ee\/sv\/wp-json\/wp\/v2\/pages"}],"about":[{"href":"https:\/\/vormsi.ee\/sv\/wp-json\/wp\/v2\/types\/page"}],"author":[{"embeddable":true,"href":"https:\/\/vormsi.ee\/sv\/wp-json\/wp\/v2\/users\/1"}],"replies":[{"embeddable":true,"href":"https:\/\/vormsi.ee\/sv\/wp-json\/wp\/v2\/comments?post=3987"}],"version-history":[{"count":0,"href":"https:\/\/vormsi.ee\/sv\/wp-json\/wp\/v2\/pages\/3987\/revisions"}],"up":[{"embeddable":true,"href":"https:\/\/vormsi.ee\/sv\/wp-json\/wp\/v2\/pages\/3466"}],"wp:attachment":[{"href":"https:\/\/vormsi.ee\/sv\/wp-json\/wp\/v2\/media?parent=3987"}],"curies":[{"name":"wp","href":"https:\/\/api.w.org\/{rel}","templated":true}]}}