{"id":33594,"date":"2025-05-26T10:00:11","date_gmt":"2025-05-26T08:00:11","guid":{"rendered":"https:\/\/vormsi.ee\/ormsokistan-vormsi-kirst-2024\/"},"modified":"2025-05-26T10:00:11","modified_gmt":"2025-05-26T08:00:11","slug":"ormsokistan-vormsi-kirst-2024","status":"publish","type":"page","link":"https:\/\/vormsi.ee\/sv\/ormsokistan-vormsi-kirst-2024\/","title":{"rendered":"Orms\u00f6kistan \/ Vormsi kirst 2024"},"content":{"rendered":"<div class=\"wpb-content-wrapper\"><p>[vc_row][vc_column width=&#8221;1\/3&#8243;][vc_single_image image=&#8221;29845&#8243; css=&#8221;&#8221;][vc_column_text]<\/p>\n<p style=\"text-align: left;\">Du kan skriva till oss \/<br \/>\nMeile saab kirjutada:<br \/>\n<em><a href=\"mailto:ormsokistan@gmail.com\"><span style=\"color: #000000;\">ormsokistan@gmail.com<\/span><\/a><\/em><\/p>\n<p>[\/vc_column_text][vc_separator][vc_column_text css=&#8221;&#8221;]<\/p>\n<h3>Ber\u00e4ttare \/ Lugude jutustajad<\/h3>\n<div id=\"attachment_29875\" style=\"width: 266px\" class=\"wp-caption alignleft\"><a href=\"https:\/\/vormsi.ee\/wp-content\/uploads\/2024\/06\/Veronika-Kivisilla-600px.jpg\"><img loading=\"lazy\" decoding=\"async\" aria-describedby=\"caption-attachment-29875\" class=\"wp-image-29875 size-thumbnail\" src=\"https:\/\/vormsi.ee\/wp-content\/uploads\/2024\/06\/Veronika-Kivisilla-600px-256x256.jpg\" alt=\"\" width=\"256\" height=\"256\" \/><\/a><p id=\"caption-attachment-29875\" class=\"wp-caption-text\">Veronika Kivisilla<\/p><\/div>\n<div id=\"attachment_29872\" style=\"width: 266px\" class=\"wp-caption alignleft\"><a href=\"https:\/\/vormsi.ee\/wp-content\/uploads\/2024\/06\/Harry-Timusk-600px.jpg\"><img loading=\"lazy\" decoding=\"async\" aria-describedby=\"caption-attachment-29872\" class=\"wp-image-29872 size-thumbnail\" src=\"https:\/\/vormsi.ee\/wp-content\/uploads\/2024\/06\/Harry-Timusk-600px-256x256.jpg\" alt=\"\" width=\"256\" height=\"256\" \/><\/a><p id=\"caption-attachment-29872\" class=\"wp-caption-text\">Elisabeth Hedfors, Harry Timusk, Henry Timusk<\/p><\/div>\n<p>[\/vc_column_text][vc_separator][vc_column_text css=&#8221;&#8221;]<\/p>\n<h3>V\u00e4rdar f\u00f6r m\u00f6tesplatsen \/<br \/>\nKohtumispaiga v\u00f5\u00f5rustajad<\/h3>\n<p>Sofia Joons Gylling, Helsingfors<br \/>\nElisabeth och\/ja Peter Hedfors, J\u00f6nk\u00f6ping\/K\u00e4rrsl\u00e4tt<br \/>\nEgon Erkmann, Sviby<br \/>\nMarju Tamm, Rumpo<br \/>\nClaes Hemlin, Stockholm\/R\u00e4lby<br \/>\nHenry Timusk, Saxby<\/p>\n<h3>Med st\u00f6d av \/ Toetajad<\/h3>\n<p>Vormsi Kodukandi \u00dching (VK\u00dc)<br \/>\nOrms\u00f6 Hembygdsf\u00f6rening (OHF)<br \/>\n<a href=\"https:\/\/vormsi.ee\/sv\/\" target=\"_blank\" rel=\"noopener noreferrer\">Orms\u00f6 kommun \/ Vormsi vallavalitsus<\/a><br \/>\n<a href=\"https:\/\/salm.ee\/iloni-imedemaa\/\" target=\"_blank\" rel=\"noopener\">Iloni Imedemaa<\/a><\/p>\n<div class=\"mceTemp\"><\/div>\n<p>[\/vc_column_text][vc_separator][vc_column_text css=&#8221;&#8221;]<\/p>\n<h3><strong>Arkiv \/ Arhiiv<\/strong><\/h3>\n<p><a href=\"https:\/\/vormsi.ee\/sv\/ormsokistan\/ormsokistan-2022\/\" target=\"_blank\" rel=\"noopener\">\u00d6ppna Orms\u00f6-kistan! \/ Avagem Vormsi kirst! 2022<\/a><\/p>\n<p><a href=\"https:\/\/vormsi.ee\/sv\/ormsokistan\/oppna-ormso-kistan-avagem-vormsi-kirst-2023\/\" target=\"_blank\" rel=\"noopener\">\u00d6ppna Orms\u00f6-kistan! \/ Avagem Vormsi kirst! 2023<\/a>[\/vc_column_text][\/vc_column][vc_column width=&#8221;1\/3&#8243;][vc_column_text]<\/p>\n<h3><img loading=\"lazy\" decoding=\"async\" class=\"alignnone wp-image-18533 size-full\" src=\"https:\/\/vormsi.ee\/wp-content\/uploads\/2022\/04\/se_150px-e1650896103209.png\" alt=\"\" width=\"100\" height=\"63\" \/><\/h3>\n<p>[\/vc_column_text][vc_column_text css=&#8221;&#8221;]<\/p>\n<h2>Tema: Min ber\u00e4ttelse<\/h2>\n<h2>Fredag 26 juli 2024<br \/>\nHembygdsg\u00e5rden i Sviby<br \/>\nOrms\u00f6<\/h2>\n<h3>Kl 10.00-17.00<\/h3>\n<h3><a href=\"https:\/\/forms.gle\/tAP6PYjz5s8bWrrU9\" target=\"_blank\" rel=\"noopener\"><span style=\"color: #800000;\"><strong>Registrera dig <\/strong>H\u00c4R!<\/span><\/a><br \/>\n<em><strong>Anm\u00e4l dig senast l\u00f6rdag den <span style=\"color: #ff0000;\">20 juli<\/span><\/strong><\/em><\/h3>\n<hr \/>\n<p>V\u00e5ra liv \u00e4r fyllda av ber\u00e4ttelser. De finns och skapas varje dag. Vad gjorde du idag i skolan? Vad h\u00e4nde p\u00e5 jobbet eller n\u00e4r du gick till aff\u00e4ren? Vad fick du till lunch idag?<\/p>\n<p>Det finns de sm\u00e5 vardagliga ber\u00e4ttelserna och de som handlar om stora h\u00e4ndelser i livet, barn som f\u00f6ds, resor vi g\u00f6r, tider med sorg eller gl\u00e4dje.<\/p>\n<p>Vi skapar ocks\u00e5 ber\u00e4ttelser n\u00e4r vi fotograferar med mobilen eller l\u00e4gger ut tex p\u00e5 Facebook eller som en snapchat. Kanske vi filmar och delar med varandra.<\/p>\n<p>En del ber\u00e4ttelser f\u00f6rsvinner n\u00e4stan samtidigt som vi ber\u00e4ttar dem, andra f\u00f6rs\u00f6ker vi minnas och beh\u00e5lla.<\/p>\n<p>Hur sparar du p\u00e5 dina eller andras viktiga ber\u00e4ttelser? Vad g\u00f6r du med alla foton du har?<\/p>\n<p>\u00c5rets kistdag har som tema: Min ber\u00e4ttelse. D\u00e4r vill vi hitta verktyg som hj\u00e4lper till att spara de ber\u00e4ttelser som vi inte vill gl\u00f6mma. Det kan ocks\u00e5 vara ber\u00e4ttelser som andra har gett oss.<\/p>\n<p><strong>Veronika Kivisilla<\/strong> \u00e4r f\u00f6rfattare, l\u00e4rare och arbetar med att starta upp kreativa skriv-center b\u00e5de i Estland och i andra l\u00e4nder. Hon kommer att h\u00e5lla i ett seminarium d\u00e4r vi f\u00e5r prova olika s\u00e4tt att skriva \u201dMin ber\u00e4ttelse\u201d. Vi kommer d\u00e4refter att dela in oss i v\u00e5ra egna spr\u00e5kgrupper, estniska respektive svenska. D\u00e4r f\u00e5r vi hj\u00e4lp att skissa p\u00e5 en ber\u00e4ttelse som \u00e4r viktig just f\u00f6r mig.<\/p>\n<p>Vi kommer ocks\u00e5 att f\u00e5 lyssna till en sp\u00e4nnande ber\u00e4ttelse med <strong>Harry Timusk<\/strong> om hur det var att under 1970-talet \u00e5ka skidor \u00f6ver isen till Orms\u00f6 f\u00f6r att d\u00e4r k\u00f6pa en g\u00e5rd som kom att bli familjens hem i Saxby.<\/p>\n<div id=\"attachment_29893\" style=\"width: 409px\" class=\"wp-caption aligncenter\"><a href=\"https:\/\/vormsi.ee\/wp-content\/uploads\/2024\/06\/PISI-OK-HM_9118-6_K827.jpg\"><img loading=\"lazy\" decoding=\"async\" aria-describedby=\"caption-attachment-29893\" class=\"wp-image-29893 size-medium\" src=\"https:\/\/vormsi.ee\/wp-content\/uploads\/2024\/06\/PISI-OK-HM_9118-6_K827-399x512.jpg\" alt=\"\" width=\"399\" height=\"512\" \/><\/a><p id=\"caption-attachment-29893\" class=\"wp-caption-text\">Lillebror och Karlsson. \u00a9 Design Ilon Wikland AB<\/p><\/div>\n<p><strong>F\u00f6r barnen: Ilons Sagoland-program<\/strong><\/p>\n<p>Ilon Wikland \u00e4r mest k\u00e4nd som illustrat\u00f6r till m\u00e5nga av Astrid Lindgrens barnb\u00f6cker. Alla har vi en relation till henne och hennes b\u00f6cker. Haapsalu \u00e4r Ilons Sagoland skapat f\u00f6r livet och bilderna av Ilon Wikland.<\/p>\n<p>2024 \u00f6ppnas utst\u00e4llningar av Ilon Wiklands illustrationer b\u00e5de i Haapsalu och p\u00e5 G\u00f6teborgs konstmuseum i Sverige.<\/p>\n<p>Ilons Sagoland fr\u00e5n Haapsalu kommer att bes\u00f6ka barnen. Spelledaren Triin Reemann tar med barnen till ber\u00e4ttelsernas v\u00e4rld. Triin talar b\u00e5de estniska och svenska.[\/vc_column_text][vc_separator][vc_column_text css=&#8221;&#8221;]Allt tolkas mellan estniska och svenska. Vi bjuder p\u00e5 soppa och kaffe. Dagen \u00e4r gratis.<\/p>\n<p><strong>Hoppas vi f\u00e5r se dig d\u00e4r!<\/strong>[\/vc_column_text][\/vc_column][vc_column width=&#8221;1\/3&#8243;][vc_column_text]<\/p>\n<h3><img loading=\"lazy\" decoding=\"async\" class=\"alignnone wp-image-18540\" src=\"https:\/\/vormsi.ee\/wp-content\/uploads\/2022\/04\/est_150px.png\" alt=\"\" width=\"100\" height=\"64\" \/><\/h3>\n<p>[\/vc_column_text][vc_column_text css=&#8221;&#8221;]<\/p>\n<h2>Teema: Minu lugu<\/h2>\n<h2>Reede, 26. juuli 2024<br \/>\nVormsi Talumuuseum<br \/>\nSviby, Vormsi<\/h2>\n<h3>Kl 11.00-17.00<\/h3>\n<h3><a href=\"https:\/\/forms.gle\/VwVFmfK2baTbZRbx9\" target=\"_blank\" rel=\"noopener\"><span style=\"color: #800000;\"><strong>Registreeri ennast<\/strong> SIIN!<\/span><\/a><br \/>\n<em>Registreerimine kuni <span style=\"color: #ff0000;\">20. juulini<\/span><\/em><\/h3>\n<hr \/>\n<p>Meie elu on t\u00e4is lugusid, mida me iga p\u00e4ev loome. Mida sa t\u00e4na koolis tegid? Mis juhtus t\u00f6\u00f6l v\u00f5i poes k\u00e4ies? Mida sa t\u00e4na l\u00f5unaks s\u00f5id?<\/p>\n<p>On v\u00e4ikseid argiseid lugusid ja lugusid suurtest s\u00fcndmustest, laste s\u00fcnnist, reisidest, kurbusest v\u00f5i r\u00f5\u00f5muhetkedest. Me loome lugusid ka siis, kui teeme mobiiltelefoniga pilte v\u00f5i postitame Facebooki v\u00f5i Snapchatis. V\u00f5i jagame neid omavahel.<\/p>\n<p>M\u00f5ned lood kaovad peaaegu kohe, kui neid r\u00e4\u00e4gime, teisi p\u00fc\u00fcame meelde j\u00e4tta ja hoida.<\/p>\n<p>Kuidas hoiate alles enda v\u00f5i teiste inimeste olulisi lugusid? Mida sa teed k\u00f5igi oma fotodega?<\/p>\n<p>Orms\u00f6kistan\/Vormsi kirst selle aasta teemaks on \u201dMinu lugu\u201d. Sealt tahame leida t\u00f6\u00f6riistu, mis aitavad talletada lugusid, mida me ei taha unustada. Olgu need meie enda v\u00f5i teistelt saadud lood.<\/p>\n<p>Meid aitab selles <strong>Veronika Kivisilla<\/strong>. Ta on kirjanik ja loovkirjutamise \u00f5petaja. Veronika viib l\u00e4bi seminari, kus saame proovida erinevaid viise, kuidas oma lugu kirja panna. P\u00e4rast oleme koos oma keeler\u00fchmaga (eesti ja roosti keeles), et saada abi \u00fche enda jaoks eriti olulise loo visandamiseks.<\/p>\n<p>Loomulikult kuulame lugusid. <strong>Harry Timusk<\/strong> r\u00e4\u00e4gib oma p\u00f5neva loo sellest, kuidas ta tuli 1970. aastatel suusatada \u00fcle j\u00e4\u00e4 Vormsisse, et osta Saxbys talu, mis sai perele koduks.<\/p>\n<p><strong><a href=\"https:\/\/vormsi.ee\/wp-content\/uploads\/2024\/06\/iloni-imedemaa_600px.png\"><img loading=\"lazy\" decoding=\"async\" class=\"aligncenter wp-image-29896 size-medium\" src=\"https:\/\/vormsi.ee\/wp-content\/uploads\/2024\/06\/iloni-imedemaa_600px-512x406.png\" alt=\"\" width=\"512\" height=\"406\" \/><\/a>Lastele: Iloni Imedemaa programm<\/strong><\/p>\n<p>Ilon Wikland on paljude Astrid Lindgreni lasteraamatute illustraator. Meil k\u00f5igil on tema ja tema raamatutega oma suhe. Haapsalus on Ilon Wiklandi elu ja piltide jaoks loodud Iloni Imedemaa.<\/p>\n<p>2024. aastal on nii Haapsalus kui Rootsis G\u00f6teborgi kunstimuuseumis avatud n\u00e4itused Ilon Wiklandi illustratsioonidest.<\/p>\n<p>Lastele tuleb k\u00fclla Iloni Imedemaa Haapsalust. M\u00e4ngujuht Triin Reemann viib lapsed lugude maailma. Triin r\u00e4\u00e4gib nii eesti kui rootsi keelt.[\/vc_column_text][vc_separator][vc_column_text css=&#8221;&#8221;]R\u00e4\u00e4kida saab emakeeles, sest meil on abiks eesti-rootsi keele t\u00f5lk. Pakume suppi ja kohvi. Osalemine on tasuta.<\/p>\n<p style=\"font-weight: 400;\"><strong>Loodame sind n\u00e4ha!<\/strong><\/p>\n<p>[\/vc_column_text][\/vc_column][\/vc_row]<\/p>\n<\/div>","protected":false},"excerpt":{"rendered":"<p>[vc_row][vc_column width=&#8221;1\/3&#8243;][vc_single_image image=&#8221;29845&#8243; css=&#8221;&#8221;][vc_column_text] Du kan skriva till oss \/ Meile saab&#8230;<\/p>\n","protected":false},"author":1,"featured_media":0,"parent":0,"menu_order":0,"comment_status":"closed","ping_status":"closed","template":"","meta":{"_acf_changed":false,"footnotes":""},"class_list":["post-33594","page","type-page","status-publish","hentry"],"acf":[],"_links":{"self":[{"href":"https:\/\/vormsi.ee\/sv\/wp-json\/wp\/v2\/pages\/33594","targetHints":{"allow":["GET"]}}],"collection":[{"href":"https:\/\/vormsi.ee\/sv\/wp-json\/wp\/v2\/pages"}],"about":[{"href":"https:\/\/vormsi.ee\/sv\/wp-json\/wp\/v2\/types\/page"}],"author":[{"embeddable":true,"href":"https:\/\/vormsi.ee\/sv\/wp-json\/wp\/v2\/users\/1"}],"replies":[{"embeddable":true,"href":"https:\/\/vormsi.ee\/sv\/wp-json\/wp\/v2\/comments?post=33594"}],"version-history":[{"count":0,"href":"https:\/\/vormsi.ee\/sv\/wp-json\/wp\/v2\/pages\/33594\/revisions"}],"wp:attachment":[{"href":"https:\/\/vormsi.ee\/sv\/wp-json\/wp\/v2\/media?parent=33594"}],"curies":[{"name":"wp","href":"https:\/\/api.w.org\/{rel}","templated":true}]}}