{"id":32955,"date":"2025-04-07T13:43:48","date_gmt":"2025-04-07T11:43:48","guid":{"rendered":"https:\/\/vormsi.ee\/avasta-vormsi\/kasulikud-viited\/"},"modified":"2025-12-01T12:17:10","modified_gmt":"2025-12-01T10:17:10","slug":"kasulikud-viited","status":"publish","type":"page","link":"https:\/\/vormsi.ee\/sv\/avasta-vormsi\/kasulikud-viited\/","title":{"rendered":"Anv\u00e4ndbara l\u00e4nkar"},"content":{"rendered":"<div class=\"wpb-content-wrapper\"><p>[vc_row bg_type=&#8221;no_bg&#8221; css=&#8221;.vc_custom_1412945690084{margin-top: 0px !important;border-top-width: 0px !important;padding-top: 0px !important;}&#8221; animation_type=&#8221;h&#8221; horizontal_animation=&#8221;left-animation&#8221; vertical_animation=&#8221;top-animation&#8221;][vc_column css=&#8221;.vc_custom_1680200477096{padding-top: 0px !important;}&#8221;][vc_column_text css=&#8221;&#8221;]H\u00e4r hittar du utvalda webbplatser som presenterar Vormsi \u00f6n och dess sev\u00e4rdheter. L\u00e4nkarna \u00e4r till hj\u00e4lp b\u00e5de f\u00f6r f\u00f6rsta g\u00e5ngen bes\u00f6kare och f\u00f6r dem som vill l\u00e4ra k\u00e4nna \u00f6n b\u00e4ttre.[\/vc_column_text][vc_separator][\/vc_column][\/vc_row][vc_row css=&#8221;.vc_custom_1683623866078{margin-top: 35px !important;}&#8221;][vc_column css=&#8221;.vc_custom_1683623823857{padding-top: 0px !important;}&#8221;][vc_column_text css=&#8221;&#8221; el_class=&#8221;vormsi-list&#8221;]<\/p>\n<ul>\n<li>\n<h2><a href=\"https:\/\/visitestonia.com\/en\/vormsi-island\" target=\"_blank\" rel=\"noopener\">Visit Estonia \u2013 Vormsi Island<\/a><\/h2>\n<\/li>\n<li>\n<h2><a href=\"https:\/\/dmo.heak.ee\/about-us\/inspirational-itineraries-in-our-region\/on-the-coastal-swedish-trails\">P\u00e5 de kustsvenska lederna: Sekler i v\u00e5gornas rytm<\/a><\/h2>\n<\/li>\n<li>\n<h2><a href=\"https:\/\/wland.ee\/\">Ta med ditt team till L\u00e4\u00e4nemaa<\/a><\/h2>\n<\/li>\n<\/ul>\n<p>[\/vc_column_text][\/vc_column][\/vc_row]<\/p>\n<\/div>","protected":false},"excerpt":{"rendered":"<p>[vc_row bg_type=&#8221;no_bg&#8221; css=&#8221;.vc_custom_1412945690084{margin-top: 0px !important;border-top-width: 0px !important;padding-top: 0px !important;}&#8221; animation_type=&#8221;h&#8221; horizontal_animation=&#8221;left-animation&#8221; vertical_animation=&#8221;top-animation&#8221;][vc_column&#8230;<\/p>\n","protected":false},"author":1,"featured_media":0,"parent":3466,"menu_order":0,"comment_status":"closed","ping_status":"closed","template":"","meta":{"_acf_changed":false,"footnotes":""},"class_list":["post-32955","page","type-page","status-publish","hentry"],"acf":[],"_links":{"self":[{"href":"https:\/\/vormsi.ee\/sv\/wp-json\/wp\/v2\/pages\/32955","targetHints":{"allow":["GET"]}}],"collection":[{"href":"https:\/\/vormsi.ee\/sv\/wp-json\/wp\/v2\/pages"}],"about":[{"href":"https:\/\/vormsi.ee\/sv\/wp-json\/wp\/v2\/types\/page"}],"author":[{"embeddable":true,"href":"https:\/\/vormsi.ee\/sv\/wp-json\/wp\/v2\/users\/1"}],"replies":[{"embeddable":true,"href":"https:\/\/vormsi.ee\/sv\/wp-json\/wp\/v2\/comments?post=32955"}],"version-history":[{"count":0,"href":"https:\/\/vormsi.ee\/sv\/wp-json\/wp\/v2\/pages\/32955\/revisions"}],"up":[{"embeddable":true,"href":"https:\/\/vormsi.ee\/sv\/wp-json\/wp\/v2\/pages\/3466"}],"wp:attachment":[{"href":"https:\/\/vormsi.ee\/sv\/wp-json\/wp\/v2\/media?parent=32955"}],"curies":[{"name":"wp","href":"https:\/\/api.w.org\/{rel}","templated":true}]}}