{"id":30692,"date":"2020-03-17T13:33:53","date_gmt":"2020-03-17T11:33:53","guid":{"rendered":"https:\/\/vormsi.ee\/avasta-vormsi\/matkarajad\/"},"modified":"2024-08-19T19:00:53","modified_gmt":"2024-08-19T17:00:53","slug":"matkarajad","status":"publish","type":"page","link":"https:\/\/vormsi.ee\/sv\/avasta-vormsi\/matkarajad\/","title":{"rendered":"Vandringsleder"},"content":{"rendered":"<section class=\"entry\"><strong>Inneh\u00e5llet p\u00e5 denna sida finns p\u00e5 estniska och engelska.<\/strong><\/p>\n<p>P\u00e5 engelska: <a href=\"https:\/\/vormsi.ee\/en\/avasta-vormsi\/matkarajad\/\">H\u00c4R<\/a><\/p>\n<p>P\u00e5 estniska: <a href=\"https:\/\/vormsi.ee\/avasta-vormsi\/matkarajad\/\">H\u00c4R<\/a><\/p>\n<\/section>\n<div class=\"fix\"><\/div>\n<div class=\"fix\"><\/div>\n<div class=\"post-share-buttons\"><\/div>\n","protected":false},"excerpt":{"rendered":"<p>Inneh\u00e5llet p\u00e5 denna sida finns p\u00e5 estniska och engelska. P\u00e5 engelska: H\u00c4R&#8230;<\/p>\n","protected":false},"author":1,"featured_media":0,"parent":3466,"menu_order":0,"comment_status":"closed","ping_status":"closed","template":"","meta":{"_acf_changed":false,"footnotes":""},"class_list":["post-30692","page","type-page","status-publish","hentry"],"acf":[],"_links":{"self":[{"href":"https:\/\/vormsi.ee\/sv\/wp-json\/wp\/v2\/pages\/30692","targetHints":{"allow":["GET"]}}],"collection":[{"href":"https:\/\/vormsi.ee\/sv\/wp-json\/wp\/v2\/pages"}],"about":[{"href":"https:\/\/vormsi.ee\/sv\/wp-json\/wp\/v2\/types\/page"}],"author":[{"embeddable":true,"href":"https:\/\/vormsi.ee\/sv\/wp-json\/wp\/v2\/users\/1"}],"replies":[{"embeddable":true,"href":"https:\/\/vormsi.ee\/sv\/wp-json\/wp\/v2\/comments?post=30692"}],"version-history":[{"count":0,"href":"https:\/\/vormsi.ee\/sv\/wp-json\/wp\/v2\/pages\/30692\/revisions"}],"up":[{"embeddable":true,"href":"https:\/\/vormsi.ee\/sv\/wp-json\/wp\/v2\/pages\/3466"}],"wp:attachment":[{"href":"https:\/\/vormsi.ee\/sv\/wp-json\/wp\/v2\/media?parent=30692"}],"curies":[{"name":"wp","href":"https:\/\/api.w.org\/{rel}","templated":true}]}}