{"id":30683,"date":"2014-11-11T15:47:17","date_gmt":"2014-11-11T12:47:17","guid":{"rendered":"https:\/\/vormsi.ee\/demokrati\/vallavalitsus\/"},"modified":"2026-04-14T12:12:49","modified_gmt":"2026-04-14T10:12:49","slug":"vallavalitsus","status":"publish","type":"page","link":"https:\/\/vormsi.ee\/sv\/demokrati\/vallavalitsus\/","title":{"rendered":"Kommunal f\u00f6rvaltning"},"content":{"rendered":"<div class=\"wpb-content-wrapper\"><p>[vc_row][vc_column][vc_column_text css=&#8221;&#8221;]Kommunstyrelsens uppgift \u00e4r att f\u00f6rbereda \u00e4renden som ska diskuteras i fullm\u00e4ktige, l\u00f6sa och organisera aktuella fr\u00e5gor om det lokala livet och utf\u00f6ra andra uppgifter som tilldelats eller delegerats till den av fullm\u00e4ktige. Kommunstyrelsen i Vormsi \u00e4r organiserad med principen att s\u00e4kerst\u00e4lla representation fr\u00e5n olika samh\u00e4llsgrupper. Denna strategi syftar till att inkludera olika perspektiv och fr\u00e4mja effektiv beslutsfattning f\u00f6r samh\u00e4llet.<\/p>\n<p>Enligt stadgarna f\u00f6r Vormsi kommun har kommunstyrelsen fem till nio medlemmar. Kommunstyrelsen bildas av borgm\u00e4staren och sammans\u00e4ttningen godk\u00e4nns av fullm\u00e4ktige.<\/p>\n<div class=\"content user-select-text\" tabindex=\"0\" role=\"heading\" aria-level=\"6\" aria-description=\"\" aria-label=\"Sent by Copilot: Certainly! Here's the corrected sentence: &quot;From August 18, 2023, the Vorms municipality government will consist of Meelis M\u00e4gi, Janika Viilma, Andres-Andi Sarv, and the municipality mayor, Maris J\u00f5geva.&quot; [^1^] If you need any further assistance, feel free to ask! \">\n<div class=\"ac-container ac-adaptiveCard has-image\">\n<div class=\"ac-textBlock\">\n<p>Fr\u00e5n och med den 8 december 2025 best\u00e5r Vormsi kommunstyrelse av Jaanus Tiit, Riina Nedzelskiene, Eidi Leht, Ebekai H\u00e4rm och kommunens borgm\u00e4stare Erki Savisaar.<\/p>\n<p>&nbsp;<\/p>\n<\/div>\n<\/div>\n<\/div>\n<p>[\/vc_column_text][vc_column_text css=&#8221;&#8221;]<\/p>\n<h3>Kommunstyrelsens arbetstider: M\u00e5n-Fre 8-16.30<\/h3>\n<h3>Kontaktuppgifter till kommunstyrelsen:<\/h3>\n<p>Vormsi Vallavalitsus<br \/>\nReg. kod 75022427<br \/>\nTransaktionspartner nr 251101<br \/>\nK\u00fclamaja, Hullo k\u00fcla, 91301 Vormsi vald, L\u00e4\u00e4nemaa<br \/>\nTelefon: (+372) 52 96 318<br \/>\nE-post: vv@vormsi.ee<br \/>\nBank: EE702200001120170356[\/vc_column_text][vc_row_inner][vc_column_inner width=&#8221;1\/2&#8243;][vc_column_text css=&#8221;&#8221;]<\/p>\n<h3><strong>Borgm\u00e4staren<\/strong><\/h3>\n<p>Erki Savisaar<br \/>\nTelefon: (+372) 5839 2738<br \/>\nE-post: erki.savisaar@vormsi.ee<br \/>\nUtbildning: informatik, h\u00f6gre utbildning, Tallinns universitet[\/vc_column_text][vc_column_text css=&#8221;&#8221;]<\/p>\n<h3><strong>Socialarbetare och utbildningsspecialist<\/strong><\/h3>\n<p>Oivi Boyers<br \/>\nTelefon: (+372) 5870 7909<br \/>\nE-post: oivi.boyers@vormsi.ee<br \/>\nGrund: <a href=\"https:\/\/vormsi.ee\/wp-content\/uploads\/2023\/03\/Sotsiaaltoo-haridusspetsialisti-ametijuhend.pdf\">arbetsbeskrivning<\/a><br \/>\nUtbildning: socialt arbete, h\u00f6gre utbildning, Tallinns universitet[\/vc_column_text][vc_column_text css=&#8221;&#8221;]<\/p>\n<h3>Bygg-, milj\u00f6- och planeringsspecialist<\/h3>\n<p>Lembit Talli<br \/>\nTelefon: (+372) 5323 0718<br \/>\nE-post: lembit.talli@vormsi.ee<br \/>\nGrund: <a href=\"https:\/\/vormsi.ee\/wp-content\/uploads\/2026\/01\/Ehitus-keskkonna-ja-planeeringuspetsialisti-ametijuhend.pdf\">arbetsbeskrivning<\/a><br \/>\nUtbildning: maskiningenj\u00f6r, h\u00f6gre utbildning, Tallinns tekniska universitet[\/vc_column_text][vc_column_text css=&#8221;&#8221;]<\/p>\n<h3><strong>Informationschef <\/strong><\/h3>\n<p>Kaisa Valm<br \/>\nTelefon: (+372) 5592 5486<br \/>\nE-post: kaisa.valm@vormsi.ee<br \/>\nGrund: <a href=\"https:\/\/vormsi.ee\/wp-content\/uploads\/2025\/03\/Infojuhi-ametijuhend-TL-lisa-2.pdf\">arbetsbeskrivning<\/a>[\/vc_column_text][vc_column_text css=&#8221;&#8221;]<\/p>\n<h3><strong>Kultur- och samh\u00e4llsspecialist<\/strong><\/h3>\n<p>Randy Peiker<br \/>\nE-post: randy.peiker@vormsi.ee<br \/>\nTelefon: +372 5639 0960<br \/>\nGrund: <a href=\"https:\/\/vormsi.ee\/wp-content\/uploads\/2025\/11\/Lisa-1_Kultuuri-ja-kogukonnaspetsialisti-ametijuhend.pdf\">arbetsbeskrivning<\/a><br \/>\nUtbildning: semiotik och kulturteori, h\u00f6gre utbildning, Tartu universitet[\/vc_column_text][vc_column_text css=&#8221;&#8221;]<\/p>\n<h3><strong>Vaktm\u00e4stare (0,5)<\/strong><\/h3>\n<p>Telefon: (+372) 5301 1063<br \/>\nGrund: anst\u00e4llningskontrakt[\/vc_column_text][\/vc_column_inner][vc_column_inner width=&#8221;1\/2&#8243;][vc_column_text css=&#8221;&#8221;]<\/p>\n<h3><strong>Kommunsekreterare<\/strong><\/h3>\n<p>Cariina P\u00e4hk<br \/>\nTelefon: (+372) 509 4229<br \/>\nE-post: cariina.pahk@vormsi.ee<br \/>\nGrund:<a href=\"https:\/\/vormsi.ee\/wp-content\/uploads\/2024\/02\/utf-8Vallasekretari-ametijuhend.pdf\"> arbetsbeskrivning<\/a><br \/>\nUtbildning: assistentchef, till\u00e4mpad h\u00f6gre utbildning, Tallinn Light Industry Technical College<br \/>\nKompetens: kommun- och stadssekreterare, Central Estland Utvecklingscenter[\/vc_column_text][vc_column_text css=&#8221;&#8221;]<\/p>\n<h3><strong>Ekonomisk och administrativ specialist<\/strong><\/h3>\n<p>Ebekai H\u00e4rm<br \/>\nTelefon: (+372) 5693 0041<br \/>\nE-post: ebekai.harm@vormsi.ee<br \/>\nGrund: <a href=\"https:\/\/vormsi.ee\/wp-content\/uploads\/2025\/11\/Lisa-4_Majandus-ja-haldusspetsialisti-ametijuhend.pdf\">arbetsbeskrivning<\/a><br \/>\nUtbildning: socialt arbete, h\u00f6gre utbildning, Tallinns pedagogiska seminarium[\/vc_column_text][vc_column_text css=&#8221;&#8221;]<\/p>\n<h3><strong>Ekonomichef-revisor<\/strong><\/h3>\n<p>Agle Romulus<br \/>\nE-post: raamatupidamine@vormsi.ee\/agle.romulus@vormsi.ee<br \/>\nTelefon: (+372) 5332 4425<br \/>\nGrund: <a href=\"https:\/\/vormsi.ee\/wp-content\/uploads\/2025\/03\/Finantsjuht-raamatupidaja-ametijuhend-20.02.25.pdf\">arbetsbeskrivning<\/a><br \/>\nUtbildning: ekonomisk redovisning och finansiell f\u00f6rvaltning, h\u00f6gre utbildning, Estonian University of Life Sciences[\/vc_column_text][vc_column_text css=&#8221;&#8221;][\/vc_column_text][vc_column_text css=&#8221;&#8221;]<\/p>\n<h3><strong>Ungdomsv\u00e4lf\u00e4rdsspecialist (0,2)<\/strong><\/h3>\n<p>Kairi Aavere<br \/>\nTelefon: \u00a0(+372) 5343 5351<br \/>\nE-post: kairi.aavere@vormsi.ee<br \/>\nGrund: <a href=\"https:\/\/vormsi.ee\/wp-content\/uploads\/2024\/07\/Noorte-heaolu-spetsialist_ametijuhend.pdf\">arbetsbeskrivning<\/a><br \/>\nUtbildning: utbildningsvetenskap, h\u00f6gre utbildning, Tallinns universitet<\/p>\n<h3>F\u00f6rfr\u00e5gningar ang\u00e5ende markf\u00f6rvaltnings\u00e4renden<\/h3>\n<p>Mihkel Kalmaru<br data-start=\"77\" data-end=\"80\" \/>E-post: <a class=\"cursor-pointer\" rel=\"noopener\" data-start=\"90\" data-end=\"106\">mihkel.kalmaru@vormsi.ee<br \/>\nTelefon: (+372) 5397 7832<\/a>[\/vc_column_text][\/vc_column_inner][\/vc_row_inner][vc_column_text css=&#8221;&#8221;]Vormsi kommuns sj\u00e4lvstyrelsestatus bekr\u00e4ftades den 19 december 1991. Det motsvarande intyget utf\u00e4rdades av Republiken Estlands h\u00f6gsta r\u00e5d, undertecknat av ordf\u00f6rande Arnold R\u00fc\u00fctel.<\/p>\n<p>Sedan dess har Vormsi borgm\u00e4stare varit: Rudolf K\u00e4gu, Ene Sarapuu, Teet Vainola, Andres Koch, Ants Varblane, Meelis M\u00e4gi, Daina J\u00fcristo, Uku Sulev Kuut, Urmas Pau, Meeme Veisson, Tanel Viks, Triin Lepp och Maris J\u00f5geva.[\/vc_column_text][\/vc_column][vc_column][\/vc_column][\/vc_row]<\/p>\n<\/div>","protected":false},"excerpt":{"rendered":"<p>[vc_row][vc_column][vc_column_text css=&#8221;&#8221;]Kommunstyrelsens uppgift \u00e4r att f\u00f6rbereda \u00e4renden som ska diskuteras i fullm\u00e4ktige,&#8230;<\/p>\n","protected":false},"author":1,"featured_media":0,"parent":865,"menu_order":0,"comment_status":"closed","ping_status":"closed","template":"","meta":{"_acf_changed":false,"footnotes":""},"class_list":["post-30683","page","type-page","status-publish","hentry"],"acf":[],"_links":{"self":[{"href":"https:\/\/vormsi.ee\/sv\/wp-json\/wp\/v2\/pages\/30683","targetHints":{"allow":["GET"]}}],"collection":[{"href":"https:\/\/vormsi.ee\/sv\/wp-json\/wp\/v2\/pages"}],"about":[{"href":"https:\/\/vormsi.ee\/sv\/wp-json\/wp\/v2\/types\/page"}],"author":[{"embeddable":true,"href":"https:\/\/vormsi.ee\/sv\/wp-json\/wp\/v2\/users\/1"}],"replies":[{"embeddable":true,"href":"https:\/\/vormsi.ee\/sv\/wp-json\/wp\/v2\/comments?post=30683"}],"version-history":[{"count":4,"href":"https:\/\/vormsi.ee\/sv\/wp-json\/wp\/v2\/pages\/30683\/revisions"}],"predecessor-version":[{"id":36580,"href":"https:\/\/vormsi.ee\/sv\/wp-json\/wp\/v2\/pages\/30683\/revisions\/36580"}],"up":[{"embeddable":true,"href":"https:\/\/vormsi.ee\/sv\/wp-json\/wp\/v2\/pages\/865"}],"wp:attachment":[{"href":"https:\/\/vormsi.ee\/sv\/wp-json\/wp\/v2\/media?parent=30683"}],"curies":[{"name":"wp","href":"https:\/\/api.w.org\/{rel}","templated":true}]}}