{"id":30678,"date":"2014-10-30T17:11:08","date_gmt":"2014-10-30T14:11:08","guid":{"rendered":"https:\/\/vormsi.ee\/demokrati\/volikogu\/"},"modified":"2026-04-12T13:09:38","modified_gmt":"2026-04-12T11:09:38","slug":"volikogu","status":"publish","type":"page","link":"https:\/\/vormsi.ee\/sv\/demokrati\/volikogu\/","title":{"rendered":"R\u00e5d"},"content":{"rendered":"<div class=\"wpb-content-wrapper\"><p>[vc_row][vc_column][vc_column_text css=&#8221;&#8221;]Vormsi kommunfullm\u00e4ktige \u00e4r en representativ f\u00f6rsamling f\u00f6r en lokal myndighet, som v\u00e4ljs av de r\u00f6stber\u00e4ttigade inv\u00e5narna i Vormsi kommun enligt lagen om val till kommunfullm\u00e4ktige. Fullm\u00e4ktige organiserar det lokala livet i Vormsi kommun genom att utf\u00e4rda f\u00f6rordningar och beslut. Vanligtvis h\u00e5lls fullm\u00e4ktigem\u00f6ten den andra m\u00e5ndagen varje m\u00e5nad i utbildningscentret i Hullo. Alla m\u00f6ten \u00e4r \u00f6ppna f\u00f6r allm\u00e4nheten, och alla \u00e4r v\u00e4lkomna att lyssna.<\/p>\n<p><strong>Fullm\u00e4ktigem\u00f6ten kan ses live: <a href=\"https:\/\/vormsi.ee\/en\/valitsemine\/volikogu\/live-istungid\/\">H\u00c4R<\/a><\/strong><\/p>\n<h2><\/h2>\n<h2>Den 10:e sammans\u00e4ttningen av kommunfullm\u00e4ktige<\/h2>\n<p>Den 10:e sammans\u00e4ttningen av fullm\u00e4ktige kommer att sitta fr\u00e5n och med den 27 november 2025.<\/p>\n<p><strong>Fullm\u00e4ktiges<\/strong> <strong>e-post:<\/strong> volikogu@vormsi.ee<\/p>\n<p>&nbsp;<\/p>\n<h2>Tanel Viks &#8211; ordf\u00f6rande<\/h2>\n<p>Valf\u00f6rbund: ISAMAA<br \/>\nTelefon 506 3351, tanel.viks@vormsi.ee<\/p>\n<h2>Maris J\u00f5geva &#8211; vice ordf\u00f6rande<\/h2>\n<p>Valf\u00f6rbund: Eluj\u00f5uline Vormsi<br \/>\nTelefon: 5342 1726, maris.jogeva@vormsi.ee<\/p>\n<h2>Ove Koska<\/h2>\n<p>Valf\u00f6rbund: ISAMAA<br \/>\nTelefon 5816 2162, ove.koska@vormsi.ee<\/p>\n<h2>Madli Paulus<\/h2>\n<p>Valf\u00f6rbund: Eluj\u00f5uline Vormsi<br \/>\nTelefon: 53031266, madli.tarjus@vormsi.ee<\/p>\n<h2>Veronika Isberg<\/h2>\n<p>Valf\u00f6rbund: Eluj\u00f5uline Vormsi<br \/>\nTelefon: 5342 1415, veronika.isberg@vormsi.ee<\/p>\n<h2>Arvo Allik<\/h2>\n<p>Valf\u00f6rbund: ISAMAA<br \/>\nTelefon: 5656 5050, arvo.allik@vormsi.ee<\/p>\n<h2>Ivo Sarapuu<\/h2>\n<p>Valf\u00f6rbund: ISAMAA<br \/>\nTelefon: 5625 5927, ivo.sarapuu@vormsi.ee<\/p>\n<p>&nbsp;<\/p>\n<h2>Kommunfullm\u00e4ktiges kommitt\u00e9er<\/h2>\n<h3>Utbildnings-, Kultur- och Socialkommitt\u00e9n<\/h3>\n<p>Ivo Sarapuu &#8211; ordf\u00f6rande<br \/>\nMaris J\u00f5geva &#8211; vice ordf\u00f6rande<br \/>\nEidi Leht<br \/>\nYngve Rosenblad<br \/>\nRiima Koch<br \/>\nBj\u00f6rn Berggren<br \/>\nMaret V\u00f5rno<\/p>\n<h3>Ekonomi-, Bygg- och Milj\u00f6kommitt\u00e9n<\/h3>\n<p>Ove Koska &#8211; ordf\u00f6rande<br \/>\nMadli Paulus &#8211; vice ordf\u00f6rande<br \/>\nBruno Palksaar<br \/>\nJakob Saks<br \/>\nAnts Rajando<br \/>\nHeily Piip<br \/>\nVaido Holm<br \/>\nAlari Ilves<br \/>\nVeronika Isberg<\/p>\n<h3>Revisionskommitt\u00e9n<\/h3>\n<p>Arvo Allik- ordf\u00f6rande<br \/>\nVeronika Isberg \u2013 vice ordf\u00f6rande<br \/>\nMaris J\u00f5geva<br \/>\nIvo Sarapuu[\/vc_column_text][\/vc_column][\/vc_row]<\/p>\n<\/div>","protected":false},"excerpt":{"rendered":"<p>[vc_row][vc_column][vc_column_text css=&#8221;&#8221;]Vormsi kommunfullm\u00e4ktige \u00e4r en representativ f\u00f6rsamling f\u00f6r en lokal myndighet, som&#8230;<\/p>\n","protected":false},"author":1,"featured_media":0,"parent":865,"menu_order":1,"comment_status":"closed","ping_status":"closed","template":"","meta":{"_acf_changed":false,"footnotes":""},"class_list":["post-30678","page","type-page","status-publish","hentry"],"acf":[],"_links":{"self":[{"href":"https:\/\/vormsi.ee\/sv\/wp-json\/wp\/v2\/pages\/30678","targetHints":{"allow":["GET"]}}],"collection":[{"href":"https:\/\/vormsi.ee\/sv\/wp-json\/wp\/v2\/pages"}],"about":[{"href":"https:\/\/vormsi.ee\/sv\/wp-json\/wp\/v2\/types\/page"}],"author":[{"embeddable":true,"href":"https:\/\/vormsi.ee\/sv\/wp-json\/wp\/v2\/users\/1"}],"replies":[{"embeddable":true,"href":"https:\/\/vormsi.ee\/sv\/wp-json\/wp\/v2\/comments?post=30678"}],"version-history":[{"count":5,"href":"https:\/\/vormsi.ee\/sv\/wp-json\/wp\/v2\/pages\/30678\/revisions"}],"predecessor-version":[{"id":36553,"href":"https:\/\/vormsi.ee\/sv\/wp-json\/wp\/v2\/pages\/30678\/revisions\/36553"}],"up":[{"embeddable":true,"href":"https:\/\/vormsi.ee\/sv\/wp-json\/wp\/v2\/pages\/865"}],"wp:attachment":[{"href":"https:\/\/vormsi.ee\/sv\/wp-json\/wp\/v2\/media?parent=30678"}],"curies":[{"name":"wp","href":"https:\/\/api.w.org\/{rel}","templated":true}]}}