{"id":30674,"date":"2014-10-30T17:50:30","date_gmt":"2014-10-30T14:50:30","guid":{"rendered":"https:\/\/vormsi.ee\/demokrati\/valla-sumboolika\/"},"modified":"2024-08-16T17:24:31","modified_gmt":"2024-08-16T15:24:31","slug":"valla-sumboolika","status":"publish","type":"page","link":"https:\/\/vormsi.ee\/sv\/demokrati\/valla-sumboolika\/","title":{"rendered":"Symbol f\u00f6r kommunen"},"content":{"rendered":"<div class=\"wpb-content-wrapper\"><p>[vc_row][vc_column][vc_separator][\/vc_column][\/vc_row][vc_row][vc_column width=&#8221;1\/2&#8243;][vc_single_image image=&#8221;288&#8243; img_size=&#8221;large&#8221; alignment=&#8221;center&#8221;][\/vc_column][vc_column width=&#8221;1\/2&#8243;][vc_single_image image=&#8221;292&#8243; img_size=&#8221;250&#215;250&#8243; alignment=&#8221;center&#8221;][\/vc_column][\/vc_row][vc_row][vc_column][vc_separator][\/vc_column][\/vc_row][vc_row][vc_column width=&#8221;1\/2&#8243;][vc_column_text]<\/p>\n<h2>Hissning och anv\u00e4ndning av kommunens flagga:<\/h2>\n<p>1) Kommunens flagga hissas permanent vid huvuding\u00e5ngen till kommunens stadshus och p\u00e5 flaggst\u00e5ngen framf\u00f6r byns centrum i Hullo, tillf\u00e4lligt p\u00e5 kommunala helgdagar och offentliga evenemang.<\/p>\n<p>2) Inv\u00e5naren i kommunen har r\u00e4tt att hissa och anv\u00e4nda kommunens flagga i enlighet med estnisk flagglag och god praxis.<\/p>\n<p>3) N\u00e4r kommunens flagga hissas tillsammans med ett annat lands flagga, en organisationsflagga eller n\u00e5gon annan flagga, ska flaggorna placeras i enlighet med Estlands flaggakt.<\/p>\n<p>4) Om kommunens flagga hissas i sorg, f\u00e4sts ett svart band p\u00e5 flaggst\u00e5ngens \u00f6vre \u00e4nde eller flaggan hissas p\u00e5 halv st\u00e5ng.<\/p>\n<p>5) Byflaggan anv\u00e4nds som en duk p\u00e5 bordet vid kommunfullm\u00e4ktiges och regeringens sessioner, i kommunens kontorslokaler och kommunala myndigheter, vid officiella mottagningar av kommunens g\u00e4ster, och kan \u00e4ven ges som en souvenir till kommunens g\u00e4ster.<\/p>\n<p>6) I fall som inte regleras i denna avdelning anv\u00e4nds kommunens flagga med tillst\u00e5nd fr\u00e5n kommunens styrelse. [\/vc_column_text][\/vc_column][vc_column width=&#8221;1\/2&#8243;][vc_column_text]<\/p>\n<h2>Kommunens vapen f\u00e5r anv\u00e4ndas:<\/h2>\n<p>1) p\u00e5 kommunens webbplats;<\/p>\n<p>2) p\u00e5 kommunens allm\u00e4nna och anslagstavlor;<\/p>\n<p>3) p\u00e5 visitkort fr\u00e5n kommunala tj\u00e4nstem\u00e4n och institutionschefer;<\/p>\n<p>4) p\u00e5 publikationer, annonser, souvenirer som utf\u00e4rdats av kommunens styrelse;<\/p>\n<p>5) p\u00e5 kommunens regeringsbyggnad och kommunala gr\u00e4nsmark\u00f6rer;<\/p>\n<p>6) i andra fall med tillst\u00e5nd fr\u00e5n kommunstyrelsen. [\/vc_column_text][\/vc_column][\/vc_row][vc_row][vc_column][vc_separator][\/vc_column][\/vc_row][vc_row][vc_column][vc_column_text]<\/p>\n<h2>Formar visuell identitetsguide<\/h2>\n<p>Den visuella identiteten f\u00f6r Vorms \u00e4r avsedd att anv\u00e4ndas i alla kommunikationer relaterade till \u00f6n, och kommunens officiella symbolik \u00e4r ocks\u00e5 integrerad i den. Systemet \u00e4r l\u00e4mpligt f\u00f6r olika \u00e4mnen och m\u00e5lgrupper:<br \/>\n* inv\u00e5nare (nuvarande och potentiella)<br \/>\n* produkter<br \/>\n* entrepren\u00f6rskap<br \/>\n* turism<\/p>\n<h3><strong>Anv\u00e4ndning:<\/strong><\/h3>\n<p>Till exempel<br \/>\n&#8211; webbplatser och sociala medier<br \/>\n&#8211; meddelanden och affischer<br \/>\n&#8211; marknadsf\u00f6ringsmaterial och kampanjer<br \/>\n&#8211; organiserade och st\u00f6dda evenemang<br \/>\n&#8211; Forms produkter, souvenirer, f\u00f6rpackningar<\/p>\n<p><strong>Fr\u00e5ga om anv\u00e4ndningsm\u00f6jligheter p\u00e5:<\/strong> <a href=\"mailto:vv@vormsi.ee\">vv@vormsi.ee<\/a>.<\/p>\n<p>L\u00e4s mer om den visuella identitetsguiden (CVI) f\u00f6r att anv\u00e4nda Vormsi-identiteten.<\/p>\n<h3>Anv\u00e4ndarmanual CVI &#8211; ladda ner <a href=\"https:\/\/drive.google.com\/file\/d\/1ljckBeb1ayqdDmxjK9NHhdp2KuVLJoOC\/view\" target=\"_blank\" rel=\"noopener\">H\u00c4R<\/a><\/h3>\n<h3>Slidebas &#8211; ladda ner <a href=\"https:\/\/docs.google.com\/presentation\/d\/1ceN6pL6b06jeX6mVWiZK536PMQebjf7m\/edit#slide=id.p4\" target=\"_blank\" rel=\"noopener\">H\u00c4R<\/a><\/h3>\n<h3>Vormsi-logotyp &#8211; du kan hitta filerna <a href=\"https:\/\/drive.google.com\/drive\/folders\/1Clmc7k3CjCokhy1M-1LNg1Ely1JFMcwA?usp=share_link\" target=\"_blank\" rel=\"noopener\">H\u00c4R<\/a><\/h3>\n<h3>M\u00f6nster &#8211; du kan hitta filerna <a href=\"https:\/\/drive.google.com\/drive\/u\/1\/folders\/1YvJZPSHzPr143DMFv6w15JYWJxNqWzOt\" target=\"_blank\" rel=\"noopener\">H\u00c4R<\/a><\/h3>\n<p>[\/vc_column_text][vc_column_text]<\/p>\n<p>[\/vc_column_text][\/vc_column][\/vc_row][vc_row][vc_column][vc_column_text]<\/p>\n<h3>Galleri<\/h3>\n<p>[\/vc_column_text][\/vc_column][\/vc_row][vc_row][vc_column][vc_media_grid element_width=&#8221;3&#8243; gap=&#8221;10&#8243; grid_id=&#8221;vc_gid:1697107407169-42bb0356-1a6a-0&#8243; include=&#8221;21928,21942,21949,21935,21956,21963,21970,22054,22047,22040,22033,22026,22019,22012,22005,21998,21984,21977,21900,21907,21914,21921&#8243;][\/vc_column][\/vc_row]<\/p>\n<\/div>","protected":false},"excerpt":{"rendered":"<p>[vc_row][vc_column][vc_separator][\/vc_column][\/vc_row][vc_row][vc_column width=&#8221;1\/2&#8243;][vc_single_image image=&#8221;288&#8243; img_size=&#8221;large&#8221; alignment=&#8221;center&#8221;][\/vc_column][vc_column width=&#8221;1\/2&#8243;][vc_single_image image=&#8221;292&#8243; img_size=&#8221;250&#215;250&#8243; alignment=&#8221;center&#8221;][\/vc_column][\/vc_row][vc_row][vc_column][vc_separator][\/vc_column][\/vc_row][vc_row][vc_column width=&#8221;1\/2&#8243;][vc_column_text] Hissning och&#8230;<\/p>\n","protected":false},"author":1,"featured_media":0,"parent":865,"menu_order":0,"comment_status":"closed","ping_status":"closed","template":"","meta":{"_acf_changed":false,"footnotes":""},"class_list":["post-30674","page","type-page","status-publish","hentry"],"acf":[],"_links":{"self":[{"href":"https:\/\/vormsi.ee\/sv\/wp-json\/wp\/v2\/pages\/30674","targetHints":{"allow":["GET"]}}],"collection":[{"href":"https:\/\/vormsi.ee\/sv\/wp-json\/wp\/v2\/pages"}],"about":[{"href":"https:\/\/vormsi.ee\/sv\/wp-json\/wp\/v2\/types\/page"}],"author":[{"embeddable":true,"href":"https:\/\/vormsi.ee\/sv\/wp-json\/wp\/v2\/users\/1"}],"replies":[{"embeddable":true,"href":"https:\/\/vormsi.ee\/sv\/wp-json\/wp\/v2\/comments?post=30674"}],"version-history":[{"count":0,"href":"https:\/\/vormsi.ee\/sv\/wp-json\/wp\/v2\/pages\/30674\/revisions"}],"up":[{"embeddable":true,"href":"https:\/\/vormsi.ee\/sv\/wp-json\/wp\/v2\/pages\/865"}],"wp:attachment":[{"href":"https:\/\/vormsi.ee\/sv\/wp-json\/wp\/v2\/media?parent=30674"}],"curies":[{"name":"wp","href":"https:\/\/api.w.org\/{rel}","templated":true}]}}