{"id":30670,"date":"2024-06-15T09:50:23","date_gmt":"2024-06-15T07:50:23","guid":{"rendered":"https:\/\/vormsi.ee\/ormsokistan\/oppna-ormso-kistan-avagem-vormsi-kirst-2023\/"},"modified":"2024-06-15T09:50:23","modified_gmt":"2024-06-15T07:50:23","slug":"oppna-ormso-kistan-avagem-vormsi-kirst-2023","status":"publish","type":"page","link":"https:\/\/vormsi.ee\/sv\/ormsokistan\/oppna-ormso-kistan-avagem-vormsi-kirst-2023\/","title":{"rendered":"\u00d6ppna Orms\u00f6-kistan! \/ Avagem Vormsi kirst! 2023"},"content":{"rendered":"<div class=\"wpb-content-wrapper\"><p>[vc_row][vc_column width=&#8221;1\/3&#8243;][vc_single_image image=&#8221;18525&#8243; alignment=&#8221;center&#8221;][vc_separator][vc_column_text]<\/p>\n<p style=\"text-align: left;\">Du kan skriva till oss \/<br \/>\nMeile saab kirjutada:<br \/>\n<em><a href=\"mailto:ormsokistan@gmail.com\"><span style=\"color: #000000;\">ormsokistan@gmail.com<\/span><\/a><\/em><\/p>\n<p>[\/vc_column_text][vc_separator][vc_column_text]<\/p>\n<h3>V\u00e4rdar f\u00f6r m\u00f6tesplatsen \/<br \/>\nKohtumispaiga v\u00f5\u00f5rustajad<\/h3>\n<p>Sofia Joons Gylling, Helsingfors<br \/>\nElisabeth och\/ja Peter Hedfors, J\u00f6nk\u00f6ping\/K\u00e4rrsl\u00e4tt<br \/>\nEgon Erkmann, Sviby<br \/>\nMarju Tamm, Rumpo<br \/>\nClaes Hemlin, Stockholm\/R\u00e4lby<br \/>\nAnna-Karin och\/ja Jan R\u00f6nnberg, Stockholm\/R\u00e4lby<br \/>\nHenry Timusk, Saxby<\/p>\n<h3>Med st\u00f6d av \/ Toetajad<\/h3>\n<p>Vormsi Kodukandi \u00dching (VK\u00dc)<br \/>\nOrms\u00f6 Hembygdsf\u00f6rening (OHF)<br \/>\n<a href=\"https:\/\/vormsi.ee\/sv\/\" target=\"_blank\" rel=\"noopener noreferrer\">Orms\u00f6 kommun \/ Vormsi vallavalitsus<\/a><\/p>\n<hr \/>\n<p><img loading=\"lazy\" decoding=\"async\" class=\"wp-image-24612\" src=\"https:\/\/vormsi.ee\/wp-content\/uploads\/2023\/06\/Avagem-Vormsi-kirst-meeskond-2022-512x384.jpg\" alt=\"\" width=\"300\" height=\"225\" \/><\/p>\n<p><em>2022 \u00e5rs lag \u00e4r p\u00e5 bilden \/<br \/>\nFotol 2022. aasta meeskond<\/em><\/p>\n<div class=\"mceTemp\"><\/div>\n<p>[\/vc_column_text][vc_separator][vc_column_text]<\/p>\n<h3><strong>Arkiv \/ Arhiiv<\/strong><\/h3>\n<p><a href=\"https:\/\/vormsi.ee\/sv\/ormsokistan\/ormsokistan-2022\/\" target=\"_blank\" rel=\"noopener\">\u00d6ppna Orms\u00f6-kistan! \/ Avagem Vormsi kirst! 2022<\/a>[\/vc_column_text][\/vc_column][vc_column width=&#8221;1\/3&#8243;][vc_column_text]<\/p>\n<h3><img loading=\"lazy\" decoding=\"async\" class=\"alignnone wp-image-18533 size-full\" src=\"https:\/\/vormsi.ee\/wp-content\/uploads\/2022\/04\/se_150px-e1650896103209.png\" alt=\"\" width=\"100\" height=\"63\" \/><\/h3>\n<p>[\/vc_column_text][vc_column_text]<\/p>\n<h2>Torsdag 27 juli 2023<br \/>\nHembygdsg\u00e5rden i Sviby<br \/>\nOrms\u00f6<\/h2>\n<h3>Kl 14.00-18.00<\/h3>\n<hr \/>\n<p>V\u00e4lkommen till en eftermiddag d\u00e5 vi f\u00e5r m\u00f6tas till sp\u00e4nnande samtal. Vi kommer med olika bakgrund och spr\u00e5k. Tolk p\u00e5 estniska och svenska finns p\u00e5 plats. Och barnen \u00e4r v\u00e4lkomna med.<\/p>\n<p><strong>Vi f\u00e5r smaka p\u00e5 f\u00f6ljande inneh\u00e5ll:<\/strong><\/p>\n<ul>\n<li>Presentation av enk\u00e4ten \u201dDet estlandssvenska arvet p\u00e5 Orms\u00f6\u201d<\/li>\n<li>Hitta din by, g\u00e5rd, sl\u00e4kt och familj! Hur du kan anv\u00e4nda den nya webbplattformen V\u00e5ra Anor<\/li>\n<li>Orms\u00f6 idag och imorgon: kommunens utvecklingsplan och PEEK-projektet. Kommundirekt\u00f6r Maris J\u00f6geva och Henry Timusk leder oss i samtal<\/li>\n<li>Jana Stahl presenterar n\u00e4sta sommars s\u00e5ng- och dansfestivalen i Hapsal<\/li>\n<\/ul>\n<p>Naturligtvis fikar vi och minglar tillsammans.<\/p>\n<p>V\u00e4rdar f\u00f6r dagen \u00e4r Henry Timusk och Elisabeth Hedfors<\/p>\n<p><strong>Hoppas vi f\u00e5r se dig d\u00e4r!<\/strong>[\/vc_column_text][vc_separator][vc_column_text]<\/p>\n<h2>Sammanfattning av 2022 \u00e5rs debattdag<\/h2>\n<p>H\u00e4r kommer det dokument fr\u00e5n dagen som planeringsgruppen st\u00e4llt samman. Vi har samlat anteckningar fr\u00e5n de olika grupperna och samtalen i storgrupp.<\/p>\n<p>Vi hoppas att dokumentet ska vara en hj\u00e4lp f\u00f6r oss att arbeta vidare f\u00f6r att f\u00f6rdjupa kultur-arv och kultur-\u00e4rvande p\u00e5 Orms\u00f6. Skicka det vidare till fler som du tror kan vara intresserade!<\/p>\n<h3>Tryck <a href=\"https:\/\/vormsi.ee\/wp-content\/uploads\/2023\/02\/Avagem-Vormsi-kirst-summary-2023.pdf\" target=\"_blank\" rel=\"noopener\">H\u00c4R<\/a><\/h3>\n<p>Presentationen \u00e4r p\u00e5 estniska och svenska.[\/vc_column_text][\/vc_column][vc_column width=&#8221;1\/3&#8243;][vc_column_text]<\/p>\n<h3><img loading=\"lazy\" decoding=\"async\" class=\"alignnone wp-image-18540\" src=\"https:\/\/vormsi.ee\/wp-content\/uploads\/2022\/04\/est_150px.png\" alt=\"\" width=\"100\" height=\"64\" \/><\/h3>\n<p>[\/vc_column_text][vc_column_text]<\/p>\n<h2>Neljap\u00e4ev, 27. juuli 2023<br \/>\nVormsi Talumuuseum<br \/>\nSviby, Vormsi<\/h2>\n<h3>Kl 14.00-18.00<\/h3>\n<hr \/>\n<p style=\"font-weight: 400;\">Tere tulemast p\u00e4rastl\u00f5unasele kohtumisele, mil saame taas kokku p\u00f5nevateks vestlusteks. Tuleme Eestist ja Rootsist, oleme erineva tausta ja keelega, kuid meid \u00fchendab Vormsi. Kohapeal on t\u00f5lk. Ja oodatud on lapsed!<\/p>\n<p style=\"font-weight: 400;\"><strong>Teemad, millest vestleme:<\/strong><\/p>\n<ul>\n<li style=\"font-weight: 400;\">Uuringu \u201eEestirootslaste p\u00e4rand Vormsil\u201c esitlus<\/li>\n<li style=\"font-weight: 400;\">Leia oma k\u00fcla, talu ja (talu)pere! Kuidas saab kasutada uut veebiplatvormi V\u00e5ra Anor (Meie esivanemad)<\/li>\n<li style=\"font-weight: 400;\">Vormsi t\u00e4na ja homme: valla arengukava ja PEEK projekt. Vestlust juhivad vallavanem Maris J\u00f5geva ja Henry Timusk<\/li>\n<li style=\"font-weight: 400;\">Jana Stahl esitleb j\u00e4rgmise suve laulu- ja tantsupidu Haapsalus<\/li>\n<\/ul>\n<p style=\"font-weight: 400;\">Muidugi joome kohvi ja suhtleme koos.<\/p>\n<p style=\"font-weight: 400;\">P\u00e4evajuhid on Henry Timusk ja Elisabeth Hedfors<\/p>\n<p style=\"font-weight: 400;\"><strong>Loodame sind n\u00e4ha!<\/strong><\/p>\n<p>[\/vc_column_text][vc_separator][vc_column_text]<\/p>\n<h2>2022. aasta arutelup\u00e4eva kokkuv\u00f5te<\/h2>\n<p>Siin on kokkuv\u00f5te 2022. aasta arutelup\u00e4evast. Oleme sellesse kogunud m\u00e4rkmeid erinevate gruppide ja suurte r\u00fchmade vestlustest.<\/p>\n<p>Loodame, et kokkuv\u00f5te on meile k\u00f5igile abiks edasisel t\u00f6\u00f6l kultuurip\u00e4randiga ja selle s\u00fcvendamise nimel Vormsil. Saatke see edasi teistelegi, kes teie arvates v\u00f5iksid olla sellest huvitatud!<\/p>\n<h3><strong>Vajuta <a href=\"https:\/\/vormsi.ee\/wp-content\/uploads\/2023\/02\/Avagem-Vormsi-kirst-summary-2023.pdf\" target=\"_blank\" rel=\"noopener\">SIIA<\/a><\/strong><\/h3>\n<p>Esitlus on eesti ja rootsi keeles.[\/vc_column_text][\/vc_column][\/vc_row]<\/p>\n<\/div>","protected":false},"excerpt":{"rendered":"<p>[vc_row][vc_column width=&#8221;1\/3&#8243;][vc_single_image image=&#8221;18525&#8243; alignment=&#8221;center&#8221;][vc_separator][vc_column_text] Du kan skriva till oss \/ Meile saab&#8230;<\/p>\n","protected":false},"author":10,"featured_media":0,"parent":24629,"menu_order":0,"comment_status":"closed","ping_status":"closed","template":"","meta":{"_acf_changed":false,"footnotes":""},"class_list":["post-30670","page","type-page","status-publish","hentry"],"acf":[],"_links":{"self":[{"href":"https:\/\/vormsi.ee\/sv\/wp-json\/wp\/v2\/pages\/30670","targetHints":{"allow":["GET"]}}],"collection":[{"href":"https:\/\/vormsi.ee\/sv\/wp-json\/wp\/v2\/pages"}],"about":[{"href":"https:\/\/vormsi.ee\/sv\/wp-json\/wp\/v2\/types\/page"}],"author":[{"embeddable":true,"href":"https:\/\/vormsi.ee\/sv\/wp-json\/wp\/v2\/users\/10"}],"replies":[{"embeddable":true,"href":"https:\/\/vormsi.ee\/sv\/wp-json\/wp\/v2\/comments?post=30670"}],"version-history":[{"count":0,"href":"https:\/\/vormsi.ee\/sv\/wp-json\/wp\/v2\/pages\/30670\/revisions"}],"up":[{"embeddable":true,"href":"https:\/\/vormsi.ee\/sv\/wp-json\/wp\/v2\/pages\/24629"}],"wp:attachment":[{"href":"https:\/\/vormsi.ee\/sv\/wp-json\/wp\/v2\/media?parent=30670"}],"curies":[{"name":"wp","href":"https:\/\/api.w.org\/{rel}","templated":true}]}}