{"id":24631,"date":"2022-04-25T16:38:06","date_gmt":"2022-04-25T14:38:06","guid":{"rendered":"https:\/\/vormsi.ee\/ormsokistan\/ormsokistan-2022\/"},"modified":"2023-06-14T16:28:52","modified_gmt":"2023-06-14T14:28:52","slug":"ormsokistan-2022","status":"publish","type":"page","link":"https:\/\/vormsi.ee\/sv\/ormsokistan\/ormsokistan-2022\/","title":{"rendered":"ARKIV \/ ARHIIV: \u00d6ppna Orms\u00f6-kistan! \/ Avagem Vormsi kirst! 2022"},"content":{"rendered":"<div class=\"wpb-content-wrapper\"><p>[vc_row][vc_column width=&#8221;1\/3&#8243;][vc_single_image image=&#8221;18525&#8243; alignment=&#8221;center&#8221;][vc_separator][vc_column_text]<\/p>\n<p style=\"text-align: left;\">Du kan skriva till oss \/<br \/>\nMeile saab kirjutada:<br \/>\n<em><a href=\"mailto:ormsokistan@gmail.com\"><span style=\"color: #000000;\">ormsokistan@gmail.com<\/span><\/a><\/em><\/p>\n<p>[\/vc_column_text][vc_separator][vc_column_text]<\/p>\n<h3>V\u00e4rdar f\u00f6r m\u00f6tesplatsen \/<br \/>\nKohtumispaiga v\u00f5\u00f5rustajad<br \/>\n2022<\/h3>\n<p>Sofia Joons Gylling, Helsingfors<br \/>\nElisabeth och\/ja Peter Hedfors, J\u00f6nk\u00f6ping\/K\u00e4rrsl\u00e4tt<br \/>\nEgon Erkmann, Sviby<br \/>\nMarju Tamm, Rumpo<br \/>\nClaes Hemlin, Stockholm\/R\u00e4lby<br \/>\nAnna-Karin och\/ja Jan R\u00f6nnberg, Stockholm\/R\u00e4lby<\/p>\n<h3>Med st\u00f6d av \/ Toetajad<br \/>\n2022<\/h3>\n<p>Vormsi Kodukandi \u00dching (VK\u00dc) \/ Orms\u00f6 Hembygdsf\u00f6rening (OHF)<br \/>\n<a href=\"https:\/\/www.eestirootslane.ee\/sv\/startsidan\" target=\"_blank\" rel=\"noopener noreferrer\">Estlandssvenska kulturf\u00f6rvaltningen \/ Eestirootslaste Kultuuriomavalitsus<\/a><br \/>\n<a href=\"https:\/\/estlandssvenskarna.org\" target=\"_blank\" rel=\"noopener noreferrer\">Estlandssvenskarnas kulturf\u00f6rening (SOV)<\/a><br \/>\n<a href=\"https:\/\/vormsi.ee\/sv\/\" target=\"_blank\" rel=\"noopener noreferrer\">Orms\u00f6 kommun \/ Vormsi vallavalitsus<\/a><br \/>\n<a href=\"https:\/\/www.aiboland.ee\" target=\"_blank\" rel=\"noopener noreferrer\">Aibolands Museum \/ Rannarootsi Muuseum<\/a><br \/>\nRumpo M\u00e4e Talu<\/p>\n<h3><img loading=\"lazy\" decoding=\"async\" class=\"alignnone wp-image-18867\" src=\"https:\/\/vormsi.ee\/wp-content\/uploads\/2022\/05\/Talumuuseum-Foto-Egon-Erkmann-512x384.jpg\" alt=\"\" width=\"381\" height=\"286\" \/><\/h3>\n<p>[\/vc_column_text][\/vc_column][vc_column width=&#8221;1\/3&#8243;][vc_column_text]<\/p>\n<h3><img loading=\"lazy\" decoding=\"async\" class=\"alignnone wp-image-18533 size-full\" src=\"https:\/\/vormsi.ee\/wp-content\/uploads\/2022\/04\/se_150px-e1650896103209.png\" alt=\"\" width=\"100\" height=\"63\" \/><\/h3>\n<h2>Sammanfattning<\/h2>\n<p><em>Januari 2023<\/em><\/p>\n<p>H\u00e4r kommer det dokument fr\u00e5n dagen som planeringsgruppen st\u00e4llt samman. Vi har samlat anteckningar fr\u00e5n de olika grupperna och samtalen i storgrupp.<\/p>\n<p>Vi hoppas att dokumentet ska vara en hj\u00e4lp f\u00f6r oss att arbeta vidare f\u00f6r att f\u00f6rdjupa kultur-arv och kultur-\u00e4rvande p\u00e5 Orms\u00f6. Skicka det vidare till fler som du tror kan vara intresserade!<\/p>\n<h3>Tryck <a href=\"https:\/\/vormsi.ee\/wp-content\/uploads\/2023\/02\/Avagem-Vormsi-kirst-summary-2023.pdf\" target=\"_blank\" rel=\"noopener\">H\u00c4R<\/a><\/h3>\n<p>Presentationen \u00e4r p\u00e5 estniska och svenska.[\/vc_column_text][vc_separator][vc_column_text]<\/p>\n<h2>Tisdag 26 juli 2022<br \/>\nHembygdsg\u00e5rden i Sviby<br \/>\nOrms\u00f6<\/h2>\n<h3>Kl 11.00-17.00 M\u00f6tesplats<br \/>\nKl 18.30 Fest med mingel, mat och \u00f6ppen scen<\/h3>\n<hr \/>\n<blockquote>\n<p style=\"font-weight: 400;\">Hur var det att leva p\u00e5 Orms\u00f6 f\u00f6rr?<br \/>\nVem har bott h\u00e4r?<br \/>\nVet du n\u00e5got om Orms\u00f6 som fler borde f\u00e5 veta?<br \/>\nVill du vara med och uppt\u00e4cka mer?<\/p>\n<\/blockquote>\n<hr \/>\n<p style=\"font-weight: 400;\">Orms\u00f6-kistan \u00e4r en symbol f\u00f6r Orms\u00f6s historiska r\u00f6tter, liv och kultur. Den r\u00f6da kistan packades av m\u00e5nga med det viktigaste n\u00e4r man under andra v\u00e4rldskriget flydde till det nya hemlandet Sverige. Symboliskt skulle vi kunna s\u00e4ga att den samtidigt packades med minnen.<\/p>\n<p style=\"font-weight: 400;\">Endast n\u00e5gra f\u00e5 som f\u00f6ddes p\u00e5 Orms\u00f6 innan flykten finns kvar i livet. D\u00e4remot har sl\u00e4ktingar, v\u00e4nner och i vissa fall \u00e4ven arkiv och museer \u00e4rvt ber\u00e4ttelser om vardag och fest, visor, fotografier, textilier och brev. B\u00f6cker och artiklar har skrivits. Musik, visor och folkliga koraler fr\u00e5n Orms\u00f6 har spelats in. Str\u00e5kharpor har byggts och danser rekonstruerats. Men vi tror att det finns mer kvar att uppt\u00e4cka i minnes-kistorna! Det \u00e4r viktigt att s\u00e5 snart som m\u00f6jligt f\u00e5 fram de material som finns undanlagda i Sverige och p\u00e5 Orms\u00f6, medan ber\u00e4ttelserna lever kvar.<\/p>\n<p style=\"font-weight: 400;\">N\u00e4st p\u00e5 tur att b\u00e4ra \u00f6ns kulturarv vidare \u00e4r inte bara estlandssvenskars barnbarn utan lika mycket dagens och morgondagens Orms\u00f6-bor. Detta projekt g\u00e5r ut p\u00e5 att bygga en m\u00f6tesplats tillsammans, med Orms\u00f6-bor, estlandssvenskar i Sverige och andra intresserade. En viktig m\u00e5lgrupp f\u00f6r framtiden \u00e4r barn och unga p\u00e5 Orms\u00f6, i \u00f6vriga Estland och i Sverige.<\/p>\n<p style=\"font-weight: 400;\">I sommar handlar det om att alla som \u00e4r intresserade av f\u00f6ra vidare Orms\u00f6s kultur och historia l\u00e4r k\u00e4nna varandra f\u00f6r att diskutera vad vi vill g\u00f6ra tillsammans. Det blir som ett\u00a0m\u00f6tesplats f\u00f6r kulturarvet! Vi hoppas kunna inspirera varandra till nya uttryck och projekt. Varf\u00f6r inte sk\u00f6nlitteratur, tidsresor, sommarteater p\u00e5 hembygdsg\u00e5rden, Youtube-klipp eller en st\u00f6rre film?<\/p>\n<p style=\"font-weight: 400;\">Vi anv\u00e4nder tolkar s\u00e5 att m\u00f6tena kan \u00e4ga rum p\u00e5 svenska, estniska och engelska. Du f\u00e5r g\u00e4rna ta med dina barn. Vi ordnar med program \u00e5t dem.<\/p>\n<p style=\"font-weight: 400;\">M\u00f6tesplatsen \u00e4r gratis, utom en liten avgift till festen.<\/p>\n<p>[\/vc_column_text][\/vc_column][vc_column width=&#8221;1\/3&#8243;][vc_column_text]<\/p>\n<h3><img loading=\"lazy\" decoding=\"async\" class=\"alignnone wp-image-18540\" src=\"https:\/\/vormsi.ee\/wp-content\/uploads\/2022\/04\/est_150px.png\" alt=\"\" width=\"100\" height=\"64\" \/><\/h3>\n<h2>Kokkuv\u00f5te<\/h2>\n<p><em>Jaanuar 2023<\/em><\/p>\n<p>Siin on kokkuv\u00f5te arutelup\u00e4evast. Oleme sellesse kogunud m\u00e4rkmeid erinevate gruppide ja suurte r\u00fchmade vestlustest.<\/p>\n<p>Loodame, et kokkuv\u00f5te on meile k\u00f5igile abiks edasisel t\u00f6\u00f6l kultuurip\u00e4randiga ja selle s\u00fcvendamise nimel Vormsil. Saatke see edasi teistelegi, kes teie arvates v\u00f5iksid olla sellest huvitatud!<\/p>\n<h3><strong>Vajuta <a href=\"https:\/\/vormsi.ee\/wp-content\/uploads\/2023\/02\/Avagem-Vormsi-kirst-summary-2023.pdf\" target=\"_blank\" rel=\"noopener\">SIIA<\/a><\/strong><\/h3>\n<p>Esitlus on eesti ja rootsi keeles.[\/vc_column_text][vc_separator][vc_column_text]<\/p>\n<h2>Teisip\u00e4ev, 26. juuli 2022<br \/>\nVormsi Talumuuseum<br \/>\nSviby, Vormsi<\/h2>\n<h3>Kl 11.00-17.00 kohtumispaik<br \/>\nKl 18.30 pidu vabas vormis, \u00f5htus\u00f6\u00f6k ja vaba lava<\/h3>\n<hr \/>\n<blockquote>\n<p style=\"font-weight: 400;\">Kuidas elati Vormsil vanasti?<br \/>\nKes siin on elanud?<br \/>\nKas sina tead midagi Vormsi kohta, mida tahaksid jagada teistega?<br \/>\nKas soovid avastada veel midagi?<\/p>\n<\/blockquote>\n<hr \/>\n<p style=\"font-weight: 400;\">Vormsi kirst s\u00fcmboliseerib Vormsi ajaloolisi juuri, elu ja kultuuri. Paljud panid t\u00e4htsama kraami oma kirstudesse teise maailmas\u00f5ja ajal, enne kui pageti Rootsi, oma uuele kodumaale. S\u00fcmboolselt r\u00e4\u00e4kides v\u00f5ime \u00f6elda, et koos kraamiga pakiti ka m\u00e4lestusi.<\/p>\n<p style=\"font-weight: 400;\">Vaid m\u00f5ned \u00fcksikud, kes s\u00fcndisid Vormsil enne pagemist, on veel elus. Aga enamus sugulasi ja s\u00f5pru, samuti arhiivid ja muuseumid on lood sellest ajast juba p\u00e4rinud. Lood argip\u00e4evast ja pidudest, laulud, fotod, tekstiilid ja kirjad. On kirjutatud raamatuid ja artikleid. On lindistatud Vormsilt p\u00e4rit muusikat, laule ja rahvalikke koraale. On meisterdatud <em>talharpasid<\/em> ehk hiiu kandleid ja on taasloodud tantse.<\/p>\n<p style=\"font-weight: 400;\">Aga meie arvame, et m\u00e4lukirstud sisaldavad veel nii m\u00f5ndagi! On v\u00e4ga t\u00e4htis k\u00e4tte saada veel ladustatuid m\u00e4lestusi Rootsist ja Vormsilt, enne kui lood haihtuvad.<\/p>\n<p style=\"font-weight: 400;\">Tuleviku saare kultuurip\u00e4randi hoidjaid ei leidu vaid eestirootslaste laste, lapselaste ja lapselapselaste, vaid ka t\u00e4nap\u00e4eva ja tulevaste vormsilaste seas. K\u00e4esoleva projekti eesm\u00e4rk on koos luua \u00fchise kohtumispaik, kus vormsilased, eestirootslased Rootsis ja teised huvilised v\u00f5iksid \u00fcksteist tundma \u00f5ppida. Tuleviku perspektiivist vaadates moodustavad lapsed ja noored Vormsil ning mujal Eestis ja Rootsis \u00fche olulise sihtr\u00fchma.<\/p>\n<p style=\"font-weight: 400;\">Selle suve kohtumispaiga m\u00f5te on kokku tuua Vormsi saare kultuurist ja ajaloost huvitatuid. Kui me oleme tuttavaks saanud, on plaan \u00fcheskoos ja r\u00fchmades arutada, mida koos v\u00f5iksime ette v\u00f5tta. See k\u00f5ik oleks nagu \u00fcks kultuurip\u00e4randi kohtumispaik! Me loodame ja usume, et v\u00f5ime \u00fcksteist inspireerida otsimaks uusi v\u00e4ljendeid ja v\u00e4lja m\u00f5tlemaks uusi projekte. Miks mitte ilukirjandust, ajaretki, suveteatrit Vormsi talumuuseumis, Youtube-klippe v\u00f5i m\u00f5nda m\u00e4ngufilmi?<\/p>\n<p style=\"font-weight: 400;\">Kohapeal on t\u00f5lgid ja kohtumisel saab r\u00e4\u00e4kida rootsi, eesti ja inglise keeles.<\/p>\n<p style=\"font-weight: 400;\">Lapsed on v\u00e4ga teretulnud! Neile koostame oma tegevuskava.<\/p>\n<p style=\"font-weight: 400;\">Kohtumised on tasuta, v\u00e4lja arvatud pidu, millel on v\u00e4ike pilet.<\/p>\n<p>[\/vc_column_text][\/vc_column][\/vc_row]<\/p>\n<\/div>","protected":false},"excerpt":{"rendered":"<p>[vc_row][vc_column width=&#8221;1\/3&#8243;][vc_single_image image=&#8221;18525&#8243; alignment=&#8221;center&#8221;][vc_separator][vc_column_text] Du kan skriva till oss \/ Meile saab&#8230;<\/p>\n","protected":false},"author":8,"featured_media":0,"parent":24629,"menu_order":0,"comment_status":"closed","ping_status":"closed","template":"","meta":{"_acf_changed":false,"footnotes":""},"class_list":["post-24631","page","type-page","status-publish","hentry"],"acf":[],"_links":{"self":[{"href":"https:\/\/vormsi.ee\/sv\/wp-json\/wp\/v2\/pages\/24631","targetHints":{"allow":["GET"]}}],"collection":[{"href":"https:\/\/vormsi.ee\/sv\/wp-json\/wp\/v2\/pages"}],"about":[{"href":"https:\/\/vormsi.ee\/sv\/wp-json\/wp\/v2\/types\/page"}],"author":[{"embeddable":true,"href":"https:\/\/vormsi.ee\/sv\/wp-json\/wp\/v2\/users\/8"}],"replies":[{"embeddable":true,"href":"https:\/\/vormsi.ee\/sv\/wp-json\/wp\/v2\/comments?post=24631"}],"version-history":[{"count":0,"href":"https:\/\/vormsi.ee\/sv\/wp-json\/wp\/v2\/pages\/24631\/revisions"}],"up":[{"embeddable":true,"href":"https:\/\/vormsi.ee\/sv\/wp-json\/wp\/v2\/pages\/24629"}],"wp:attachment":[{"href":"https:\/\/vormsi.ee\/sv\/wp-json\/wp\/v2\/media?parent=24631"}],"curies":[{"name":"wp","href":"https:\/\/api.w.org\/{rel}","templated":true}]}}