{"id":24629,"date":"2023-06-14T09:38:16","date_gmt":"2023-06-14T07:38:16","guid":{"rendered":"https:\/\/vormsi.ee\/ormsokistan\/"},"modified":"2025-05-26T11:07:01","modified_gmt":"2025-05-26T09:07:01","slug":"ormsokistan","status":"publish","type":"page","link":"https:\/\/vormsi.ee\/sv\/ormsokistan\/","title":{"rendered":"Orms\u00f6kistan \/ Vormsi kirst 2025"},"content":{"rendered":"<div class=\"wpb-content-wrapper\"><p>[vc_row][vc_column width=&#8221;1\/3&#8243;][vc_single_image image=&#8221;29845&#8243; css=&#8221;&#8221;][vc_column_text]<\/p>\n<p style=\"text-align: left;\">Du kan skriva till oss \/<br \/>\nMeile saab kirjutada:<br \/>\n<em><a href=\"mailto:ormsokistan@gmail.com\"><span style=\"color: #000000;\">ormsokistan@gmail.com<\/span><\/a><\/em><\/p>\n<p>[\/vc_column_text][vc_separator][vc_column_text css=&#8221;&#8221;]<\/p>\n<h3>V\u00e4rdar f\u00f6r m\u00f6tesplatsen \/<br \/>\nKohtumispaiga v\u00f5\u00f5rustajad<\/h3>\n<p>Elisabeth och\/ja Peter<br \/>\nHedfors,<br \/>\nJ\u00f6nk\u00f6ping\/K\u00e4rrsl\u00e4tt<br \/>\nHenry Timusk, Saxby<br \/>\nEgon Erkmann, Sviby<br \/>\nMarju Tamm, Rumpo<br \/>\nMaris J\u00f5geva, Rumpo<br \/>\nSofia Joons Gylling,<br \/>\nHelsingfors<\/p>\n<h3>Med st\u00f6d av \/ Toetajad<\/h3>\n<p>Vormsi Kodukandi \u00dching (VK\u00dc)<br \/>\n<a href=\"https:\/\/salm.ee\/iloni-imedemaa\/\" target=\"_blank\" rel=\"noopener\">Ilons Sagoland\/Iloni Imedemaa<\/a><br \/>\n<a href=\"https:\/\/estlandssvenskarna.org\/\" target=\"_blank\" rel=\"noopener\">Estlandssvenskarnas<\/a><br \/>\n<a href=\"https:\/\/estlandssvenskarna.org\/\" target=\"_blank\" rel=\"noopener\">Kulturf\u00f6rening SOV<\/a><br \/>\n<a href=\"https:\/\/vormsi.ee\/sv\/\" target=\"_blank\" rel=\"noopener\">Orms\u00f6 kommun\/Vormsi vallavalitsus<\/a>[\/vc_column_text][vc_separator][vc_column_text css=&#8221;&#8221;]<\/p>\n<h3><strong>Arkiv \/ Arhiiv<\/strong><\/h3>\n<p><a href=\"https:\/\/vormsi.ee\/sv\/ormsokistan\/ormsokistan-2022\/\" target=\"_blank\" rel=\"noopener\">\u00d6ppna Orms\u00f6-kistan! \/ Avagem Vormsi kirst! 2022<\/a><br \/>\n<a href=\"https:\/\/vormsi.ee\/sv\/ormsokistan\/oppna-ormso-kistan-avagem-vormsi-kirst-2023\/\" target=\"_blank\" rel=\"noopener\">\u00d6ppna Orms\u00f6-kistan! \/ Avagem Vormsi kirst! 2023<\/a><br \/>\n<a href=\"https:\/\/vormsi.ee\/sv\/ormsokistan-vormsi-kirst-2024\/\" target=\"_blank\" rel=\"noopener\">Orms\u00f6kistan \/ Vormsi kirst 2024<\/a>[\/vc_column_text][\/vc_column][vc_column width=&#8221;1\/3&#8243;][vc_column_text]<\/p>\n<h3><img loading=\"lazy\" decoding=\"async\" class=\"alignnone wp-image-18533 size-full\" src=\"https:\/\/vormsi.ee\/wp-content\/uploads\/2022\/04\/se_150px-e1650896103209.png\" alt=\"\" width=\"100\" height=\"63\" \/><\/h3>\n<p>[\/vc_column_text][vc_column_text css=&#8221;&#8221;]<\/p>\n<h2>Tema: V\u00e5rt Orms\u00f6 i ord<br \/>\noch bild<\/h2>\n<h3>L\u00f6rdag den 26 juli 2025<br \/>\nkl 13.00-18.00<\/h3>\n<h3>Hembygdsg\u00e5rden, Sviby, Orms\u00f6<\/h3>\n<p>&nbsp;<\/p>\n<h3><a class=\"button\" href=\"https:\/\/forms.gle\/XJP6FccKYzNamiEo7\" target=\"_blank\" rel=\"noopener\">Registrera dig H\u00c4R!<\/a><\/h3>\n<h3><em><strong>Anm\u00e4l dig senast l\u00f6rdag den <span style=\"color: #7c272a;\">19 juli<\/span><\/strong><\/em><\/h3>\n<p>[\/vc_column_text][vc_separator][vc_column_text css=&#8221;&#8221;]<\/p>\n<h3><\/h3>\n<p>2025 \u00e4r \u201cBokens \u00e5r\u201d i Estland. \u00d6ver hela landet firar man att det \u00e4r 500 \u00e5r sedan den f\u00f6rsta boken trycktes p\u00e5 estniska.<\/p>\n<p>I \u00e5r firas ocks\u00e5 p\u00e5 olika s\u00e4tt v\u00e5r \u00e4lskade illustrat\u00f6r Ilon Wikland, som i \u00e5r fyllde 95 \u00e5r.<\/p>\n<p>F\u00f6rra \u00e5ret var fokuset att samla in ber\u00e4ttelser relaterade till Orms\u00f6, p\u00e5 temat \u201cMinu lugu\/Min ber\u00e4ttelse\u201d. I \u00e5r \u00e4r v\u00e5rt fokus hur illustrationer kan g\u00f6ra v\u00e5ra ber\u00e4ttelser mer levande, eller tala f\u00f6r sig sj\u00e4lva.<\/p>\n<p>Charlie Norrman (redakt\u00f6r f\u00f6r tidningen Orms\u00f6bladet) har sina r\u00f6tter i Borrby, Orms\u00f6. Han \u00e4r en professionell illustrat\u00f6r som arbetar b\u00e5de i Sverige och andra delar av v\u00e4rlden. Han kommer att dela med sig av sin personliga ber\u00e4ttelse och hur man kan b\u00f6rja anv\u00e4nda bilder och illustrationer. Alla kommer att f\u00e5 tillf\u00e4lle att \u00f6va.<\/p>\n<p>Triin Reemann fr\u00e5n Ilons Sagoland i Hapsal g\u00f6r aktiviteter med barnen, baserade p\u00e5 Ilon Wiklands illustrationer.<\/p>\n<p>F\u00f6rsta delen av eftermiddagen avslutas kl 16.30. Efter det \u00e4r vi alla v\u00e4lkomna till en offentlig samling (se nedan).<\/p>\n<p>Som vanligt talar vi b\u00e5de estniska och svenska, med hj\u00e4lp av tolk. Du \u00e4r lika v\u00e4lkommen oavsett om du kunnat delta p\u00e5 Orms\u00f6kistan tidigare eller inte.<\/p>\n<p>Vi fikar tillsammans under eftermiddagen.<\/p>\n<p><strong>Dagen \u00e4r gratis, <a href=\"https:\/\/forms.gle\/XJP6FccKYzNamiEo7\" target=\"_blank\" rel=\"noopener\">men vi beh\u00f6ver din anm\u00e4lan<\/a> f\u00f6r v\u00e5r planering.<\/strong>[\/vc_column_text][vc_separator][vc_column_text css=&#8221;&#8221;]<\/p>\n<h3>Kl 17.00-18.00 \u2013 V\u00e5ra hj\u00e4rtans Orms\u00f6<\/h3>\n<p>Ett program \u00f6ppet f\u00f6r alla intresserade, med musik, s\u00e5nger fr\u00e5n Estlandssvenska s\u00e5ng- och dansfestivalen i Hapsal 2024 och texter om Orms\u00f6, ins\u00e4nda till Orms\u00f6kistan.<\/p>\n<p>Ansvariga: \u00dclle Juht, Malle Hokkonen och Elisabeth Hedfors.<\/p>\n<p><strong>Hoppas vi f\u00e5r se dig d\u00e4r!<\/strong>[\/vc_column_text][\/vc_column][vc_column width=&#8221;1\/3&#8243;][vc_column_text]<\/p>\n<h3><img loading=\"lazy\" decoding=\"async\" class=\"alignnone wp-image-18540\" src=\"https:\/\/vormsi.ee\/wp-content\/uploads\/2022\/04\/est_150px.png\" alt=\"\" width=\"100\" height=\"64\" \/><\/h3>\n<p>[\/vc_column_text][vc_column_text css=&#8221;&#8221;]<\/p>\n<h2>Teema: Meie Vormsi s\u00f5nades ja piltides<\/h2>\n<h3>Laup\u00e4ev, 26. juuli 2025<br \/>\nkell 13.00-18.00<\/h3>\n<h3>Vormsi Talumuuseum Sviby, Vormsi<\/h3>\n<p>&nbsp;<\/p>\n<h3><a class=\"button\" href=\"https:\/\/forms.gle\/XJP6FccKYzNamiEo7\" target=\"_blank\" rel=\"noopener\">Registreeri ennast SIIN!<\/a><\/h3>\n<h3><em>Registreerimine kuni <span style=\"color: #7c272a;\">19. juulini<\/span><\/em><\/h3>\n<p>[\/vc_column_text][vc_separator][vc_column_text css=&#8221;&#8221;]<\/p>\n<h3><\/h3>\n<p>2025 on Eestis Raamatu Aasta. \u00dcle kogu riigi t\u00e4histatakse seda, et m\u00f6\u00f6dub 500 aastat esimese eestikeelse raamatu tr\u00fckkimisest.<\/p>\n<p>Sel aastal t\u00e4histatakse mitmel moel ka meie armastatud illustraatori Ilon Wiklandi juubelit \u2013 ta sai t\u00e4navu 95-aastaseks.<\/p>\n<p>Eelmisel aastal oli teemaks Vormsiga seotud lugude kogumine: \u201cMinu lugu\/Min ber\u00e4ttelse\u201d. Sel aastal keskendume sellele, kuidas illustratsioonid muudavad meie lood elavamaks v\u00f5i r\u00e4\u00e4givad iseenda eest.<\/p>\n<p>Charlie Norrman (ajalehe Orms\u00f6bladet toimetaja), kelle juured on Borrbys, Vormsil, on professionaalne illustraator, kes t\u00f6\u00f6tab nii Rootsis kui mujal maailmas. Ta jagab meiega oma isiklikku lugu ja r\u00e4\u00e4gib, kuidas alustada piltide ja illustratsioonide kasutamist. K\u00f5igil osalejatel on v\u00f5imalus ise j\u00e4rele proovida.<\/p>\n<p>Triin Reemann Iloni Imedemaalt Haapsalust viib lastega l\u00e4bi tegevusi, mis p\u00f5hinevad Ilon Wiklandi illustratsioonidel.<\/p>\n<p>P\u00e4rastl\u00f5una esimene osa l\u00f5peb kell 16.30. P\u00e4rast seda on k\u00f5ik oodatud avalikule kogunemisele (vt allpool).<\/p>\n<p>Nagu tavaliselt, r\u00e4\u00e4gime nii eesti kui rootsi keeles, t\u00f5lgi abiga. Oled teretulnud osalema olenemata sellest, kas oled varem Orms\u00f6kistast osa v\u00f5tnud v\u00f5i mitte.<\/p>\n<p>P\u00e4rastl\u00f5unal s\u00f6\u00f6me koos kooki ja joome kohvi.<\/p>\n<p><strong>\u00dcritus on tasuta, <a href=\"https:\/\/forms.gle\/XJP6FccKYzNamiEo7\" target=\"_blank\" rel=\"noopener\">kuid palume registreeruda<\/a>, et saaksime paremini planeerida.<\/strong>[\/vc_column_text][vc_separator][vc_column_text css=&#8221;&#8221;]<\/p>\n<h3>Kell 17.00\u201318.00 \u2013 S\u00fcdametes Vormsi<\/h3>\n<p>Programm on avatud k\u00f5igile huvilistele. Kavas on muusika, laulud 2024. aasta eestirootslaste laulu- ja tantsupeolt Haapsalus ning Vormsit puudutavad tekstid, mis on saadetud Vormsi kirstu.<\/p>\n<p>Korraldavad: \u00dclle Juht, Malle Hokkonen ja Elisabeth Hedfors.<\/p>\n<p><strong>Loodame, et kohtume sinuga!<\/strong>[\/vc_column_text][\/vc_column][\/vc_row]<\/p>\n<\/div>","protected":false},"excerpt":{"rendered":"<p>[vc_row][vc_column width=&#8221;1\/3&#8243;][vc_single_image image=&#8221;29845&#8243; css=&#8221;&#8221;][vc_column_text] Du kan skriva till oss \/ Meile saab&#8230;<\/p>\n","protected":false},"author":10,"featured_media":0,"parent":0,"menu_order":0,"comment_status":"closed","ping_status":"closed","template":"","meta":{"_acf_changed":false,"footnotes":""},"class_list":["post-24629","page","type-page","status-publish","hentry"],"acf":[],"_links":{"self":[{"href":"https:\/\/vormsi.ee\/sv\/wp-json\/wp\/v2\/pages\/24629","targetHints":{"allow":["GET"]}}],"collection":[{"href":"https:\/\/vormsi.ee\/sv\/wp-json\/wp\/v2\/pages"}],"about":[{"href":"https:\/\/vormsi.ee\/sv\/wp-json\/wp\/v2\/types\/page"}],"author":[{"embeddable":true,"href":"https:\/\/vormsi.ee\/sv\/wp-json\/wp\/v2\/users\/10"}],"replies":[{"embeddable":true,"href":"https:\/\/vormsi.ee\/sv\/wp-json\/wp\/v2\/comments?post=24629"}],"version-history":[{"count":0,"href":"https:\/\/vormsi.ee\/sv\/wp-json\/wp\/v2\/pages\/24629\/revisions"}],"wp:attachment":[{"href":"https:\/\/vormsi.ee\/sv\/wp-json\/wp\/v2\/media?parent=24629"}],"curies":[{"name":"wp","href":"https:\/\/api.w.org\/{rel}","templated":true}]}}