{"id":3925,"date":"2018-05-29T19:10:51","date_gmt":"2018-05-29T17:10:51","guid":{"rendered":"https:\/\/vormsi.ee\/?page_id=3925"},"modified":"2024-06-08T14:37:41","modified_gmt":"2024-06-08T12:37:41","slug":"nature","status":"publish","type":"page","link":"https:\/\/vormsi.ee\/en\/avasta-vormsi\/nature\/","title":{"rendered":"Nature"},"content":{"rendered":"<div class=\"wpb-content-wrapper\"><p>[vc_row][vc_column][vc_column_text css=&#8221;&#8221;]About 30 smaller islands belong to Vormsi, totaling more than 93 km2 of dry land. The older and also higher parts of the island rose above sea level approximately 3000 years ago. Lakes Pr\u00e4stvike (Prestviik, Prest vike, Kirikuviik), Diby and Kerslet (Stor vike, Lake Kepslet, Lake K\u00e4rssl\u00e4t, Lake K\u00e4rrsl\u00e4tti) have been formed from former sea bays as the land rises.[\/vc_column_text][\/vc_column][\/vc_row][vc_row][vc_column][vc_basic_grid post_type=&#8221;vormsi_place&#8221; max_items=&#8221;-1&#8243; orderby=&#8221;menu_order&#8221; item=&#8221;2930&#8243; grid_id=&#8221;vc_gid:1717849948914-abf4ae1b-4bae-4&#8243; taxonomies=&#8221;50&#8243;][\/vc_column][\/vc_row]<\/p>\n<\/div>","protected":false},"excerpt":{"rendered":"<p>[vc_row][vc_column][vc_column_text css=&#8221;&#8221;]About 30 smaller islands belong to Vormsi, totaling more than 93&#8230;<\/p>\n","protected":false},"author":1,"featured_media":0,"parent":3450,"menu_order":0,"comment_status":"closed","ping_status":"closed","template":"","meta":{"_acf_changed":false,"footnotes":""},"class_list":["post-3925","page","type-page","status-publish","hentry"],"acf":[],"_links":{"self":[{"href":"https:\/\/vormsi.ee\/en\/wp-json\/wp\/v2\/pages\/3925","targetHints":{"allow":["GET"]}}],"collection":[{"href":"https:\/\/vormsi.ee\/en\/wp-json\/wp\/v2\/pages"}],"about":[{"href":"https:\/\/vormsi.ee\/en\/wp-json\/wp\/v2\/types\/page"}],"author":[{"embeddable":true,"href":"https:\/\/vormsi.ee\/en\/wp-json\/wp\/v2\/users\/1"}],"replies":[{"embeddable":true,"href":"https:\/\/vormsi.ee\/en\/wp-json\/wp\/v2\/comments?post=3925"}],"version-history":[{"count":0,"href":"https:\/\/vormsi.ee\/en\/wp-json\/wp\/v2\/pages\/3925\/revisions"}],"up":[{"embeddable":true,"href":"https:\/\/vormsi.ee\/en\/wp-json\/wp\/v2\/pages\/3450"}],"wp:attachment":[{"href":"https:\/\/vormsi.ee\/en\/wp-json\/wp\/v2\/media?parent=3925"}],"curies":[{"name":"wp","href":"https:\/\/api.w.org\/{rel}","templated":true}]}}