{"id":3388,"date":"2018-03-20T16:33:54","date_gmt":"2018-03-20T14:33:54","guid":{"rendered":"http:\/\/vormsi.ee\/?page_id=3388"},"modified":"2026-04-01T09:55:29","modified_gmt":"2026-04-01T07:55:29","slug":"transportation","status":"publish","type":"page","link":"https:\/\/vormsi.ee\/en\/avasta-vormsi\/transportation\/","title":{"rendered":"Transportation"},"content":{"rendered":"<div class=\"wpb-content-wrapper\"><p>[vc_row][vc_column][vc_message css=&#8221;&#8221;]To reach the Vormsi island, you need to drive to Rohuk\u00fcla harbor and find the Vorms ferry pier using the road signs. The quay is located to the left of the Rohuk\u00fcla harbor building, behind the large parking place. <strong>Vormsi ferry tickets will not be sold in Rohuk\u00fcla harbor building!<\/strong><\/p>\n<p><strong>Tickets:<\/strong><\/p>\n<ul>\n<li>from advance sales at Kihnu Veeteede website:\u00a0 <a href=\"https:\/\/veeteed.com\/#\/et\/\" target=\"_blank\" rel=\"noopener noreferrer\">www.veeteed.com<\/a><\/li>\n<li>from the ticket machine \u2013 In Rohuk\u00fcla, the machine is located in the building to the left of the Vormsi car waiting area and on the island, you can buy a ticket in the Sviby harbor building<\/li>\n<li>from the ferry cafe<\/li>\n<\/ul>\n<p>The ferry &#8220;Orms\u00f6&#8221; takes on board both\u00a0 \u2013\u00a0vehicles and pedestrians.<\/p>\n<p>Starting from 01.01.23 on the Vormsi ferry line, 185 passenger tickets will be sold in advance (online and from the ticket machine)\u00a0 and an additional 15 passenger tickets, which are reserved for purchase only by residents of Vormsi municipality. It is marked in brackets in the volume of tickets. There are 110 linear meters of vehicles available for pre-sale and an additional 30 linear meters reserved for purchase only by residents of Vormsi municipality.<\/p>\n<p>NB! In summer, you need to book your ferry ticket early, because thousands of people visiting\u00a0 the picturesque island!\u00a0 If possible, leave your car at Rohuk\u00fcla port and come across on foot or by bicycle. If you want to leave your car on the Rohuk\u00fcla, there is a free parking.<\/p>\n<ul>\n<li>Vormsi bus schedule is <a href=\"https:\/\/vormsi.ee\/wp-content\/uploads\/2026\/04\/Praami-ja-bussigraafik-2026-aprill.xlsx-Praami-ja-bussigraafik.pdf\">HERE<\/a>.<\/li>\n<li>You can also view the schedule of Rohuk\u00fcla and Vormsi buses on the\u00a0 <a href=\"https:\/\/www.tpilet.ee\/\" target=\"_blank\" rel=\"noopener\">TPILET HOMEPAGE<\/a>.<\/li>\n<li>It is also possible to come to Vormsi with your own sailing vessel. More detailed information about Sviby harbor can be found <a href=\"http:\/\/www.saarteliinid.ee\/ports\/sviby\/\" target=\"_blank\" rel=\"noopener\">HERE<\/a>.<\/li>\n<\/ul>\n<p>[\/vc_message][\/vc_column][\/vc_row][vc_row][vc_column][vc_basic_grid post_type=&#8221;vormsi_place&#8221; max_items=&#8221;-1&#8243; orderby=&#8221;menu_order&#8221; item=&#8221;2930&#8243; grid_id=&#8221;vc_gid:1775030102753-2c89bdf6-ae6a-1&#8243; taxonomies=&#8221;59&#8243;][\/vc_column][\/vc_row]<\/p>\n<\/div>","protected":false},"excerpt":{"rendered":"<p>[vc_row][vc_column][vc_message css=&#8221;&#8221;]To reach the Vormsi island, you need to drive to Rohuk\u00fcla&#8230;<\/p>\n","protected":false},"author":4,"featured_media":0,"parent":3450,"menu_order":0,"comment_status":"closed","ping_status":"closed","template":"","meta":{"_acf_changed":false,"footnotes":""},"class_list":["post-3388","page","type-page","status-publish","hentry"],"acf":[],"_links":{"self":[{"href":"https:\/\/vormsi.ee\/en\/wp-json\/wp\/v2\/pages\/3388","targetHints":{"allow":["GET"]}}],"collection":[{"href":"https:\/\/vormsi.ee\/en\/wp-json\/wp\/v2\/pages"}],"about":[{"href":"https:\/\/vormsi.ee\/en\/wp-json\/wp\/v2\/types\/page"}],"author":[{"embeddable":true,"href":"https:\/\/vormsi.ee\/en\/wp-json\/wp\/v2\/users\/4"}],"replies":[{"embeddable":true,"href":"https:\/\/vormsi.ee\/en\/wp-json\/wp\/v2\/comments?post=3388"}],"version-history":[{"count":1,"href":"https:\/\/vormsi.ee\/en\/wp-json\/wp\/v2\/pages\/3388\/revisions"}],"predecessor-version":[{"id":36455,"href":"https:\/\/vormsi.ee\/en\/wp-json\/wp\/v2\/pages\/3388\/revisions\/36455"}],"up":[{"embeddable":true,"href":"https:\/\/vormsi.ee\/en\/wp-json\/wp\/v2\/pages\/3450"}],"wp:attachment":[{"href":"https:\/\/vormsi.ee\/en\/wp-json\/wp\/v2\/media?parent=3388"}],"curies":[{"name":"wp","href":"https:\/\/api.w.org\/{rel}","templated":true}]}}